{"id":82,"date":"2022-07-14T17:46:03","date_gmt":"2022-07-14T17:46:03","guid":{"rendered":"https:\/\/kopejska.cz\/?page_id=82"},"modified":"2022-12-10T13:15:03","modified_gmt":"2022-12-10T13:15:03","slug":"terapie","status":"publish","type":"page","link":"https:\/\/kopejska.cz\/?page_id=82","title":{"rendered":"Terapie"},"content":{"rendered":"\n<p class=\"has-text-align-left\">Pom\u00e1h\u00e1m lidem u\u017e 25 let nal\u00e9zat v\u00fdchodiska ze sv\u00fdch z\u00e1vislost\u00ed, lp\u011bn\u00ed a z\u00a0probl\u00e9m\u016f s\u00a0t\u00edm souvisej\u00edc\u00edch. Prov\u00e1z\u00edm je v\u00a0nal\u00e9z\u00e1n\u00ed jejich zapomenut\u00fdch zdroj\u016f a individu\u00e1ln\u00edho nebo rodinn\u00e9ho nitern\u00e9ho potenci\u00e1lu.<\/p>\n\n\n\n<div class=\"is-nowrap is-layout-flex wp-container-1 wp-block-group\"><div class=\"wp-block-image is-style-default\">\n<figure class=\"aligncenter size-full\"><img decoding=\"async\" loading=\"lazy\" width=\"2560\" height=\"1704\" src=\"https:\/\/kopejska.cz\/wp-content\/uploads\/2022\/11\/Titulni-hlavni-fotka-Uvodni-starnka-5-1-scaled.jpg\" alt=\"\" class=\"wp-image-253\" srcset=\"https:\/\/kopejska.cz\/wp-content\/uploads\/2022\/11\/Titulni-hlavni-fotka-Uvodni-starnka-5-1-scaled.jpg 2560w, https:\/\/kopejska.cz\/wp-content\/uploads\/2022\/11\/Titulni-hlavni-fotka-Uvodni-starnka-5-1-300x200.jpg 300w, https:\/\/kopejska.cz\/wp-content\/uploads\/2022\/11\/Titulni-hlavni-fotka-Uvodni-starnka-5-1-1024x682.jpg 1024w, https:\/\/kopejska.cz\/wp-content\/uploads\/2022\/11\/Titulni-hlavni-fotka-Uvodni-starnka-5-1-768x511.jpg 768w, https:\/\/kopejska.cz\/wp-content\/uploads\/2022\/11\/Titulni-hlavni-fotka-Uvodni-starnka-5-1-1536x1022.jpg 1536w, https:\/\/kopejska.cz\/wp-content\/uploads\/2022\/11\/Titulni-hlavni-fotka-Uvodni-starnka-5-1-2048x1363.jpg 2048w, https:\/\/kopejska.cz\/wp-content\/uploads\/2022\/11\/Titulni-hlavni-fotka-Uvodni-starnka-5-1-2000x1331.jpg 2000w\" sizes=\"(max-width: 2560px) 100vw, 2560px\" \/><\/figure><\/div><\/div>\n\n\n\n<p class=\"has-text-align-left\">Z\u00e1vislost m\u00e1 r\u016fzn\u00e9 podoby. A\u0165 u\u017e se jedn\u00e1 o z\u00e1vislost na neleg\u00e1ln\u00edch (pervitin, THC) nebo leg\u00e1ln\u00edch l\u00e1tk\u00e1ch (alkohol), moci, pr\u00e1ci, lidech, hran\u00ed a s\u00e1zen\u00ed, shoppingu\u2026<strong>v\u017edy je jej\u00ed p\u0159\u00ed\u010dinou ur\u010dit\u00e9 nitern\u00e9 \u201ezamrznut\u00ed\u201c \u010dlov\u011bka, dlouhodob\u00e1 vnit\u0159n\u00ed stagnace, nev\u011bdom\u00e9 uv\u00edznut\u00ed v\u00a0n\u011bjak\u00e9 emo\u010dn\u00ed energii<\/strong> (smutek, l\u00edtost, strach, nen\u00e1vist), nebo v\u00a0dehonestuj\u00edc\u00ed a dlouhodob\u011b \u017eiven\u00e9 p\u0159edstav\u011b o sob\u011b \u2013 n\u00edzk\u00e9 sebev\u011bdom\u00ed, sebehodnota, stres a permanentn\u00ed stav ohro\u017een\u00ed.<\/p>\n\n\n\n<div style=\"height:40px\" aria-hidden=\"true\" class=\"wp-block-spacer\"><\/div>\n\n\n\n<p class=\"has-text-align-left\"><strong>Nab\u00edz\u00edm podporu a poradenstv\u00ed v&nbsp;t\u011bchto oblastech ve form\u011b hodinov\u00fdch konzultac\u00ed:<\/strong><\/p>\n\n\n\n<ul>\n<li>Individu\u00e1ln\u00ed konzultace v&nbsp;p\u0159\u00edpad\u011b z\u00e1vislost na neleg\u00e1ln\u00edch a leg\u00e1ln\u00edch l\u00e1tk\u00e1ch<\/li>\n\n\n\n<li>Rodinn\u00e9 poradenstv\u00ed a terapie<\/li>\n\n\n\n<li>Partnersk\u00e9 poradenstv\u00ed a terapie<\/li>\n\n\n\n<li>Poradenstv\u00ed a podporu p\u0159i zvl\u00e1d\u00e1n\u00ed gamblingu<\/li>\n\n\n\n<li>Poradenstv\u00ed a podporu p\u0159i jin\u00fdch druz\u00edch z\u00e1vislosti<\/li>\n<\/ul>\n\n\n\n<p class=\"has-text-align-left\"><strong>Cena: 450 K\u010d<\/strong>\/ hodinu individu\u00e1ln\u00ed konzultace<\/p>\n\n\n\n<p class=\"has-text-align-left\"><strong>P\u00e1rov\u00e1 terapie: 600 K\u010d<\/strong>\/ hodinu<\/p>\n\n\n\n<p class=\"has-text-align-left\"><strong>Rodinn\u00e1 terapie: 800 K\u010d<\/strong>\/ hodinu (bez rozli\u0161en\u00ed po\u010dtu rodinn\u00fdch p\u0159\u00edslu\u0161n\u00edk\u016f)<\/p>\n\n\n\n<p class=\"has-text-align-left\"><strong>Navazuj\u00edc\u00ed odborn\u00e1 pomoc:<\/strong> v\u00a0kraji dostupn\u00e9 psychologick\u00e9 a psychiatrick\u00e9 ordinace, detoxifika\u010dn\u00ed za\u0159\u00edzen\u00ed, kr\u00e1tkodob\u00e9 l\u00e9\u010debny a dlouhodob\u00e9 komunitn\u00ed pobyty.<\/p>\n\n\n\n<div style=\"height:100px\" aria-hidden=\"true\" class=\"wp-block-spacer\"><\/div>\n","protected":false},"excerpt":{"rendered":"<p>Pom\u00e1h\u00e1m lidem u\u017e 25 let nal\u00e9zat v\u00fdchodiska ze sv\u00fdch z\u00e1vislost\u00ed, lp\u011bn\u00ed a z\u00a0probl\u00e9m\u016f s\u00a0t\u00edm souvisej\u00edc\u00edch. Prov\u00e1z\u00edm je v\u00a0nal\u00e9z\u00e1n\u00ed jejich zapomenut\u00fdch zdroj\u016f a individu\u00e1ln\u00edho nebo rodinn\u00e9ho nitern\u00e9ho potenci\u00e1lu. Z\u00e1vislost m\u00e1 r\u016fzn\u00e9 podoby. A\u0165 u\u017e se jedn\u00e1 o z\u00e1vislost na neleg\u00e1ln\u00edch (pervitin, THC) nebo leg\u00e1ln\u00edch l\u00e1tk\u00e1ch (alkohol), moci, pr\u00e1ci, lidech, hran\u00ed a s\u00e1zen\u00ed, shoppingu\u2026v\u017edy je jej\u00ed p\u0159\u00ed\u010dinou &hellip; <\/p>\n<p class=\"link-more\"><a href=\"https:\/\/kopejska.cz\/?page_id=82\" class=\"more-link\">Read more<span class=\"screen-reader-text\"> &#8222;Terapie&#8220;<\/span><\/a><\/p>\n","protected":false},"author":1,"featured_media":0,"parent":0,"menu_order":0,"comment_status":"closed","ping_status":"closed","template":"","meta":[],"_links":{"self":[{"href":"https:\/\/kopejska.cz\/index.php?rest_route=\/wp\/v2\/pages\/82"}],"collection":[{"href":"https:\/\/kopejska.cz\/index.php?rest_route=\/wp\/v2\/pages"}],"about":[{"href":"https:\/\/kopejska.cz\/index.php?rest_route=\/wp\/v2\/types\/page"}],"author":[{"embeddable":true,"href":"https:\/\/kopejska.cz\/index.php?rest_route=\/wp\/v2\/users\/1"}],"replies":[{"embeddable":true,"href":"https:\/\/kopejska.cz\/index.php?rest_route=%2Fwp%2Fv2%2Fcomments&post=82"}],"version-history":[{"count":24,"href":"https:\/\/kopejska.cz\/index.php?rest_route=\/wp\/v2\/pages\/82\/revisions"}],"predecessor-version":[{"id":629,"href":"https:\/\/kopejska.cz\/index.php?rest_route=\/wp\/v2\/pages\/82\/revisions\/629"}],"wp:attachment":[{"href":"https:\/\/kopejska.cz\/index.php?rest_route=%2Fwp%2Fv2%2Fmedia&parent=82"}],"curies":[{"name":"wp","href":"https:\/\/api.w.org\/{rel}","templated":true}]}}