{"id":65,"date":"2022-07-14T17:02:10","date_gmt":"2022-07-14T17:02:10","guid":{"rendered":"https:\/\/kopejska.cz\/?page_id=65"},"modified":"2023-02-26T08:45:20","modified_gmt":"2023-02-26T08:45:20","slug":"domovska-stranka","status":"publish","type":"page","link":"https:\/\/kopejska.cz\/","title":{"rendered":"O mn\u011b"},"content":{"rendered":"\n<div class=\"wp-block-media-text alignwide is-stacked-on-mobile is-vertically-aligned-center\" style=\"grid-template-columns:40% auto\"><figure class=\"wp-block-media-text__media\"><img decoding=\"async\" loading=\"lazy\" width=\"1024\" height=\"682\" src=\"https:\/\/kopejska.cz\/wp-content\/uploads\/2022\/11\/Uvodni-stranka-treti-podfotka-1024x682.jpg\" alt=\"\" class=\"wp-image-203 size-full\" srcset=\"https:\/\/kopejska.cz\/wp-content\/uploads\/2022\/11\/Uvodni-stranka-treti-podfotka-1024x682.jpg 1024w, https:\/\/kopejska.cz\/wp-content\/uploads\/2022\/11\/Uvodni-stranka-treti-podfotka-300x200.jpg 300w, https:\/\/kopejska.cz\/wp-content\/uploads\/2022\/11\/Uvodni-stranka-treti-podfotka-768x511.jpg 768w, https:\/\/kopejska.cz\/wp-content\/uploads\/2022\/11\/Uvodni-stranka-treti-podfotka-1536x1022.jpg 1536w, https:\/\/kopejska.cz\/wp-content\/uploads\/2022\/11\/Uvodni-stranka-treti-podfotka-2048x1363.jpg 2048w, https:\/\/kopejska.cz\/wp-content\/uploads\/2022\/11\/Uvodni-stranka-treti-podfotka-2000x1331.jpg 2000w\" sizes=\"(max-width: 1024px) 100vw, 1024px\" \/><\/figure><div class=\"wp-block-media-text__content\">\n<p>Jako \u010dlov\u011bk, b\u00e1sn\u00edk, hudebn\u00edk, terapeut a kou\u010d se sna\u017e\u00edm \u017e\u00edt tak, abych \u017eivot vn\u00edmal a pro\u017e\u00edval v&nbsp;jeho opravdovosti a vz\u00e1jemn\u00e9 \u017eiv\u00e9 sou\u010dinnosti. Abych neustrnul v n\u011bjak\u00e9 &#8222;bezpe\u010dn\u00e9&#8220; p\u0159edstav\u011b o sob\u011b a o sv\u011bt\u011b. Abych um\u011bl v\u011bdom\u011b prom\u011b\u0148ovat to, co prom\u011b\u0148ovat lze. Abych dovedl p\u0159ijmout to, co je nevyhnuteln\u00e9. Abych odpou\u0161t\u011bl. Abych vytv\u00e1\u0159el bezpe\u010dn\u00fd prostor pro sebe i pro sv\u00e9 bli\u017en\u00ed. Abych se st\u00e1le u\u010dil nitern\u011b zachycovat, z\u0159eteln\u011b a smyslupln\u011b vyj\u00e1d\u0159ovat a sd\u00edlet to, co je aktu\u00e1ln\u011b k vyj\u00e1d\u0159en\u00ed a ke sd\u00edlen\u00ed p\u0159ichystan\u00e9.<\/p>\n<\/div><\/div>\n\n\n\n<div class=\"is-content-justification-center is-layout-flex wp-container-1 wp-block-buttons\">\n<div class=\"wp-block-button is-style-outline\"><a class=\"wp-block-button__link wp-element-button\" href=\"https:\/\/kopejska.cz\/?page_id=15\">\u010d\u00edst V\u00edce<\/a><\/div>\n<\/div>\n\n\n\n<h2 class=\"has-text-align-center\">Co nab\u00edz\u00edm<\/h2>\n\n\n\n<div class=\"is-layout-flex wp-container-5 wp-block-columns are-vertically-aligned-top\">\n<div class=\"is-layout-flow wp-block-column is-vertically-aligned-top\">\n<figure class=\"wp-block-image size-large is-style-rounded\"><img decoding=\"async\" loading=\"lazy\" width=\"1024\" height=\"682\" src=\"https:\/\/kopejska.cz\/wp-content\/uploads\/2022\/11\/Muzikoterapie-Misa-9-ruka-nahore-3-1024x682.jpg\" alt=\"\" class=\"wp-image-207\" srcset=\"https:\/\/kopejska.cz\/wp-content\/uploads\/2022\/11\/Muzikoterapie-Misa-9-ruka-nahore-3-1024x682.jpg 1024w, https:\/\/kopejska.cz\/wp-content\/uploads\/2022\/11\/Muzikoterapie-Misa-9-ruka-nahore-3-300x200.jpg 300w, https:\/\/kopejska.cz\/wp-content\/uploads\/2022\/11\/Muzikoterapie-Misa-9-ruka-nahore-3-768x511.jpg 768w, https:\/\/kopejska.cz\/wp-content\/uploads\/2022\/11\/Muzikoterapie-Misa-9-ruka-nahore-3-1536x1022.jpg 1536w, https:\/\/kopejska.cz\/wp-content\/uploads\/2022\/11\/Muzikoterapie-Misa-9-ruka-nahore-3-2048x1363.jpg 2048w, https:\/\/kopejska.cz\/wp-content\/uploads\/2022\/11\/Muzikoterapie-Misa-9-ruka-nahore-3-2000x1331.jpg 2000w\" sizes=\"(max-width: 1024px) 100vw, 1024px\" \/><\/figure>\n\n\n\n<p class=\"has-text-align-center has-black-color has-text-color has-medium-font-size\"><a href=\"https:\/\/kopejska.cz\/?page_id=33\">Muzikoterapie<\/a><\/p>\n\n\n\n<p>Stejn\u011b, jako n\u00e1m nen\u00ed lhostejn\u00e9, co a jak j\u00edme, m\u011bli bychom se starat tak\u00e9 o to, jak\u00fdm vibra\u010dn\u00edm frekvenc\u00edm jsme z vlastn\u00edho rozhodnut\u00ed vystaveni a rad\u011bji si vyb\u00edrat ty harmonizuj\u00edc\u00ed a l\u00e9\u010div\u00e9.Celostn\u00ed muzikoterapie prohlubuje vztah se sebou a p\u0159in\u00e1\u0161\u00ed chu\u0165 do \u017eivota.<\/p>\n<\/div>\n\n\n\n<div class=\"is-layout-flow wp-block-column is-vertically-aligned-top\">\n<figure class=\"wp-block-image size-large is-style-rounded\"><img decoding=\"async\" loading=\"lazy\" width=\"1024\" height=\"682\" src=\"https:\/\/kopejska.cz\/wp-content\/uploads\/2022\/11\/Uvodni-stranka-ctvrta-podfotka-Podpirajici-1-1024x682.jpg\" alt=\"\" class=\"wp-image-209\" srcset=\"https:\/\/kopejska.cz\/wp-content\/uploads\/2022\/11\/Uvodni-stranka-ctvrta-podfotka-Podpirajici-1-1024x682.jpg 1024w, https:\/\/kopejska.cz\/wp-content\/uploads\/2022\/11\/Uvodni-stranka-ctvrta-podfotka-Podpirajici-1-300x200.jpg 300w, https:\/\/kopejska.cz\/wp-content\/uploads\/2022\/11\/Uvodni-stranka-ctvrta-podfotka-Podpirajici-1-768x511.jpg 768w, https:\/\/kopejska.cz\/wp-content\/uploads\/2022\/11\/Uvodni-stranka-ctvrta-podfotka-Podpirajici-1-1536x1022.jpg 1536w, https:\/\/kopejska.cz\/wp-content\/uploads\/2022\/11\/Uvodni-stranka-ctvrta-podfotka-Podpirajici-1-2048x1363.jpg 2048w, https:\/\/kopejska.cz\/wp-content\/uploads\/2022\/11\/Uvodni-stranka-ctvrta-podfotka-Podpirajici-1-2000x1331.jpg 2000w\" sizes=\"(max-width: 1024px) 100vw, 1024px\" \/><\/figure>\n\n\n\n<p class=\"has-text-align-center has-black-color has-text-color has-medium-font-size\"><a href=\"https:\/\/kopejska.cz\/?page_id=82\">Terapie<\/a><\/p>\n\n\n\n<p class=\"has-text-align-left\">\u010clov\u011bk je v&nbsp;\u017eivot\u011b do t\u00e9 m\u00edry \u0161\u0165astn\u00fdm nebo ne\u0161\u0165astn\u00fdm, jak vydr\u017e\u00ed b\u00fdt s\u00e1m se sebou. Terapie je spole\u010dn\u011b sd\u00edlen\u00fd proces hled\u00e1n\u00ed a nal\u00e9z\u00e1n\u00ed bezpe\u010dn\u00e9ho zp\u016fsobu, jak se s\u00e1m se sebou c\u00edtit dob\u0159e.<\/p>\n<\/div>\n\n\n\n<div class=\"is-layout-flow wp-block-column is-vertically-aligned-top\">\n<figure class=\"wp-block-image size-large is-style-rounded\"><img decoding=\"async\" loading=\"lazy\" width=\"1024\" height=\"681\" src=\"https:\/\/kopejska.cz\/wp-content\/uploads\/2022\/11\/Uvodni-stranka-sedma-podfotka-Waw-1024x681.jpg\" alt=\"\" class=\"wp-image-212\" srcset=\"https:\/\/kopejska.cz\/wp-content\/uploads\/2022\/11\/Uvodni-stranka-sedma-podfotka-Waw-1024x681.jpg 1024w, https:\/\/kopejska.cz\/wp-content\/uploads\/2022\/11\/Uvodni-stranka-sedma-podfotka-Waw-300x200.jpg 300w, https:\/\/kopejska.cz\/wp-content\/uploads\/2022\/11\/Uvodni-stranka-sedma-podfotka-Waw-768x511.jpg 768w, https:\/\/kopejska.cz\/wp-content\/uploads\/2022\/11\/Uvodni-stranka-sedma-podfotka-Waw-1536x1022.jpg 1536w, https:\/\/kopejska.cz\/wp-content\/uploads\/2022\/11\/Uvodni-stranka-sedma-podfotka-Waw-2048x1363.jpg 2048w, https:\/\/kopejska.cz\/wp-content\/uploads\/2022\/11\/Uvodni-stranka-sedma-podfotka-Waw-2000x1331.jpg 2000w\" sizes=\"(max-width: 1024px) 100vw, 1024px\" \/><\/figure>\n\n\n\n<p class=\"has-text-align-center has-black-color has-text-color has-medium-font-size\"><a href=\"https:\/\/kopejska.cz\/?page_id=34\">Kou\u010dink<\/a><\/p>\n\n\n\n<p>Doprov\u00e1zen\u00ed na cest\u011b k nalezen\u00ed va\u0161eho nitern\u00e9ho zdroje, doprov\u00e1zen\u00ed v jeho rozv\u00edjen\u00ed a obohacov\u00e1n\u00ed o dal\u0161\u00ed mo\u017enosti a talenty, jako\u017e i jeho v\u011bdom\u00e9 praktick\u00e9 prom\u00edt\u00e1n\u00ed do b\u011b\u017en\u00e9ho ka\u017edodenn\u00edho \u017eivota.<\/p>\n\n\n\n<p class=\"has-text-align-center has-black-color has-text-color\"><\/p>\n<\/div>\n<\/div>\n\n\n\n<figure class=\"wp-block-audio\"><audio controls src=\"https:\/\/kopejska.cz\/wp-content\/uploads\/2022\/11\/Oci-cest.mp3\"><\/audio><figcaption class=\"wp-element-caption\">O\u010di cest<\/figcaption><\/figure>\n\n\n\n<h1 class=\"has-text-align-center\">Dal\u0161\u00ed aktivity<\/h1>\n\n\n\n<div class=\"is-vertical is-layout-flex wp-container-9 wp-block-group\">\n<h1 class=\"has-text-align-left\">Autorsk\u00e9 p\u00edsn\u011b s kytarou a b\u00e1sn\u011b<\/h1>\n\n\n\n<div class=\"is-layout-flex wp-container-8 wp-block-columns are-vertically-aligned-top\">\n<div class=\"is-layout-flow wp-block-column is-vertically-aligned-top\">\n<figure class=\"wp-block-image size-large\"><img decoding=\"async\" loading=\"lazy\" width=\"1024\" height=\"682\" src=\"https:\/\/kopejska.cz\/wp-content\/uploads\/2022\/11\/Pisne-s-kytarou-2-1024x682.jpg\" alt=\"\" class=\"wp-image-242\" srcset=\"https:\/\/kopejska.cz\/wp-content\/uploads\/2022\/11\/Pisne-s-kytarou-2-1024x682.jpg 1024w, https:\/\/kopejska.cz\/wp-content\/uploads\/2022\/11\/Pisne-s-kytarou-2-300x200.jpg 300w, https:\/\/kopejska.cz\/wp-content\/uploads\/2022\/11\/Pisne-s-kytarou-2-768x511.jpg 768w, https:\/\/kopejska.cz\/wp-content\/uploads\/2022\/11\/Pisne-s-kytarou-2-1536x1022.jpg 1536w, https:\/\/kopejska.cz\/wp-content\/uploads\/2022\/11\/Pisne-s-kytarou-2-2048x1363.jpg 2048w, https:\/\/kopejska.cz\/wp-content\/uploads\/2022\/11\/Pisne-s-kytarou-2-2000x1331.jpg 2000w\" sizes=\"(max-width: 1024px) 100vw, 1024px\" \/><\/figure>\n<\/div>\n\n\n\n<div class=\"is-layout-flow wp-block-column is-vertically-aligned-top\">\n<p>Kytara, rytmus, melodie&#8230;velk\u00e1 radost p\u0159i vyjad\u0159ov\u00e1n\u00ed pro\u017e\u00edvan\u00e9ho, v uspo\u0159\u00e1d\u00e1v\u00e1n\u00ed Toho do zkratek a tvar\u016f v podob\u011b slov a t\u00f3n\u016f&#8230;tvo\u0159en\u00ed p\u00edsn\u00ed, zhudeb\u0148ov\u00e1n\u00ed b\u00e1sn\u00ed&#8230;kr\u00e1sn\u00e9 chv\u00edle v propojenosti se sebou a s n\u011b\u010d\u00edm t\u011b\u017eko uchopiteln\u00fdch a v\u017edy jen neobratn\u011b a nedoste\u010dn\u011b zp\u0159\u00edtom\u0148ovan\u00fdm&#8230;pokora, l\u00e1ska, nad\u011bje.<\/p>\n\n\n\n<figure class=\"wp-block-audio\"><audio controls src=\"https:\/\/kopejska.cz\/wp-content\/uploads\/2022\/11\/Snezi-1.mp3\"><\/audio><figcaption class=\"wp-element-caption\">Sn\u011b\u017e\u00ed<\/figcaption><\/figure>\n<\/div>\n<\/div>\n<\/div>\n\n\n\n<h1 class=\"has-text-align-center has-cyan-bluish-gray-background-color has-background\">Vy\u0161lo nov\u00e9 CD autorsk\u00fdch p\u00edsn\u00ed s n\u00e1zvem: &#8222;O\u010cI CEST&#8220;.<\/h1>\n\n\n\n<figure class=\"is-layout-flex wp-block-gallery-10 wp-block-gallery has-nested-images columns-default is-cropped\">\n<figure class=\"wp-block-image size-large\"><img decoding=\"async\" loading=\"lazy\" width=\"1024\" height=\"768\" data-id=\"695\"  src=\"https:\/\/kopejska.cz\/wp-content\/uploads\/2022\/12\/Oci-cest-CD-1024x768.jpg\" alt=\"\" class=\"wp-image-695\" srcset=\"https:\/\/kopejska.cz\/wp-content\/uploads\/2022\/12\/Oci-cest-CD-1024x768.jpg 1024w, https:\/\/kopejska.cz\/wp-content\/uploads\/2022\/12\/Oci-cest-CD-300x225.jpg 300w, https:\/\/kopejska.cz\/wp-content\/uploads\/2022\/12\/Oci-cest-CD-768x576.jpg 768w, https:\/\/kopejska.cz\/wp-content\/uploads\/2022\/12\/Oci-cest-CD-1536x1152.jpg 1536w, https:\/\/kopejska.cz\/wp-content\/uploads\/2022\/12\/Oci-cest-CD-2048x1536.jpg 2048w, https:\/\/kopejska.cz\/wp-content\/uploads\/2022\/12\/Oci-cest-CD-2000x1500.jpg 2000w\" sizes=\"(max-width: 1024px) 100vw, 1024px\" \/><\/figure>\n<\/figure>\n\n\n\n<figure class=\"is-layout-flex wp-block-gallery-12 wp-block-gallery has-nested-images columns-default is-cropped\">\n<figure class=\"wp-block-image size-large is-style-rounded\"><img decoding=\"async\" loading=\"lazy\" width=\"1024\" height=\"768\" data-id=\"698\"  src=\"https:\/\/kopejska.cz\/wp-content\/uploads\/2022\/12\/Oci-sest-seznam-1-1024x768.jpg\" alt=\"\" class=\"wp-image-698\" srcset=\"https:\/\/kopejska.cz\/wp-content\/uploads\/2022\/12\/Oci-sest-seznam-1-1024x768.jpg 1024w, https:\/\/kopejska.cz\/wp-content\/uploads\/2022\/12\/Oci-sest-seznam-1-300x225.jpg 300w, https:\/\/kopejska.cz\/wp-content\/uploads\/2022\/12\/Oci-sest-seznam-1-768x576.jpg 768w, https:\/\/kopejska.cz\/wp-content\/uploads\/2022\/12\/Oci-sest-seznam-1-1536x1152.jpg 1536w, https:\/\/kopejska.cz\/wp-content\/uploads\/2022\/12\/Oci-sest-seznam-1-2048x1536.jpg 2048w, https:\/\/kopejska.cz\/wp-content\/uploads\/2022\/12\/Oci-sest-seznam-1-2000x1500.jpg 2000w\" sizes=\"(max-width: 1024px) 100vw, 1024px\" \/><figcaption class=\"wp-element-caption\"><strong>Seznam p\u00edsn\u00ed<\/strong><\/figcaption><\/figure>\n<\/figure>\n\n\n\n<h2 class=\"has-text-align-center has-cyan-bluish-gray-background-color has-background\">Vy\u0161lo nov\u00e9 CD se zhudebn\u011bn\u00fdmi b\u00e1sn\u011bmi Otokara B\u0159eziny s n\u00e1zvem: &#8222;M\u00edsta harmonie a sm\u00ed\u0159en\u00ed&#8220; &#8211; podle jedn\u00e9 z b\u0159ezinov\u00fdch b\u00e1sn\u00ed.<\/h2>\n\n\n\n<figure class=\"is-layout-flex wp-block-gallery-14 wp-block-gallery has-nested-images columns-default is-cropped\">\n<figure class=\"wp-block-image size-large\"><img decoding=\"async\" loading=\"lazy\" width=\"1024\" height=\"768\" data-id=\"699\"  src=\"https:\/\/kopejska.cz\/wp-content\/uploads\/2022\/12\/O.B.-CD-1024x768.jpg\" alt=\"\" class=\"wp-image-699\" srcset=\"https:\/\/kopejska.cz\/wp-content\/uploads\/2022\/12\/O.B.-CD-1024x768.jpg 1024w, https:\/\/kopejska.cz\/wp-content\/uploads\/2022\/12\/O.B.-CD-300x225.jpg 300w, https:\/\/kopejska.cz\/wp-content\/uploads\/2022\/12\/O.B.-CD-768x576.jpg 768w, https:\/\/kopejska.cz\/wp-content\/uploads\/2022\/12\/O.B.-CD-1536x1152.jpg 1536w, https:\/\/kopejska.cz\/wp-content\/uploads\/2022\/12\/O.B.-CD-2048x1536.jpg 2048w, https:\/\/kopejska.cz\/wp-content\/uploads\/2022\/12\/O.B.-CD-2000x1500.jpg 2000w\" sizes=\"(max-width: 1024px) 100vw, 1024px\" \/><\/figure>\n<\/figure>\n\n\n\n<figure class=\"is-layout-flex wp-block-gallery-16 wp-block-gallery has-nested-images columns-default is-cropped\">\n<figure class=\"wp-block-image size-large is-style-rounded\"><img decoding=\"async\" loading=\"lazy\" width=\"1024\" height=\"768\" data-id=\"700\"  src=\"https:\/\/kopejska.cz\/wp-content\/uploads\/2022\/12\/O.B-seznam-1024x768.jpg\" alt=\"\" class=\"wp-image-700\" srcset=\"https:\/\/kopejska.cz\/wp-content\/uploads\/2022\/12\/O.B-seznam-1024x768.jpg 1024w, https:\/\/kopejska.cz\/wp-content\/uploads\/2022\/12\/O.B-seznam-300x225.jpg 300w, https:\/\/kopejska.cz\/wp-content\/uploads\/2022\/12\/O.B-seznam-768x576.jpg 768w, https:\/\/kopejska.cz\/wp-content\/uploads\/2022\/12\/O.B-seznam-1536x1152.jpg 1536w, https:\/\/kopejska.cz\/wp-content\/uploads\/2022\/12\/O.B-seznam-2048x1536.jpg 2048w, https:\/\/kopejska.cz\/wp-content\/uploads\/2022\/12\/O.B-seznam-2000x1500.jpg 2000w\" sizes=\"(max-width: 1024px) 100vw, 1024px\" \/><figcaption class=\"wp-element-caption\">Seznam zhudebn\u011bn\u00fdch b\u00e1sn\u00ed<\/figcaption><\/figure>\n<\/figure>\n\n\n\n<h2>Autorsk\u00e1 kniha b\u00e1sn\u00ed &#8222;Proh\u0159eji zemi sv\u00fdm taj\u00edc\u00edm sn\u011bhem&#8220;.<\/h2>\n\n\n\n<figure class=\"is-layout-flex wp-block-gallery-18 wp-block-gallery has-nested-images columns-default is-cropped\">\n<figure class=\"wp-block-image size-large\"><img decoding=\"async\" loading=\"lazy\" width=\"768\" height=\"1024\" data-id=\"753\"  src=\"https:\/\/kopejska.cz\/wp-content\/uploads\/2023\/02\/20230226_090931-1-768x1024.jpg\" alt=\"\" class=\"wp-image-753\" srcset=\"https:\/\/kopejska.cz\/wp-content\/uploads\/2023\/02\/20230226_090931-1-768x1024.jpg 768w, https:\/\/kopejska.cz\/wp-content\/uploads\/2023\/02\/20230226_090931-1-225x300.jpg 225w, https:\/\/kopejska.cz\/wp-content\/uploads\/2023\/02\/20230226_090931-1-1152x1536.jpg 1152w, https:\/\/kopejska.cz\/wp-content\/uploads\/2023\/02\/20230226_090931-1-1536x2048.jpg 1536w, https:\/\/kopejska.cz\/wp-content\/uploads\/2023\/02\/20230226_090931-1-2000x2667.jpg 2000w, https:\/\/kopejska.cz\/wp-content\/uploads\/2023\/02\/20230226_090931-1-scaled.jpg 1920w\" sizes=\"(max-width: 768px) 100vw, 768px\" \/><\/figure>\n\n\n\n<figure class=\"wp-block-image size-large\"><img decoding=\"async\" loading=\"lazy\" width=\"768\" height=\"1024\" data-id=\"755\"  src=\"https:\/\/kopejska.cz\/wp-content\/uploads\/2023\/02\/20230226_091229-768x1024.jpg\" alt=\"\" class=\"wp-image-755\" srcset=\"https:\/\/kopejska.cz\/wp-content\/uploads\/2023\/02\/20230226_091229-768x1024.jpg 768w, https:\/\/kopejska.cz\/wp-content\/uploads\/2023\/02\/20230226_091229-225x300.jpg 225w, https:\/\/kopejska.cz\/wp-content\/uploads\/2023\/02\/20230226_091229-1152x1536.jpg 1152w, https:\/\/kopejska.cz\/wp-content\/uploads\/2023\/02\/20230226_091229-1536x2048.jpg 1536w, https:\/\/kopejska.cz\/wp-content\/uploads\/2023\/02\/20230226_091229-2000x2667.jpg 2000w, https:\/\/kopejska.cz\/wp-content\/uploads\/2023\/02\/20230226_091229-scaled.jpg 1920w\" sizes=\"(max-width: 768px) 100vw, 768px\" \/><\/figure>\n\n\n\n<figure class=\"wp-block-image size-large\"><img decoding=\"async\" loading=\"lazy\" width=\"768\" height=\"1024\" data-id=\"751\"  src=\"https:\/\/kopejska.cz\/wp-content\/uploads\/2023\/02\/20230226_090947-768x1024.jpg\" alt=\"\" class=\"wp-image-751\" srcset=\"https:\/\/kopejska.cz\/wp-content\/uploads\/2023\/02\/20230226_090947-768x1024.jpg 768w, https:\/\/kopejska.cz\/wp-content\/uploads\/2023\/02\/20230226_090947-225x300.jpg 225w, https:\/\/kopejska.cz\/wp-content\/uploads\/2023\/02\/20230226_090947-1152x1536.jpg 1152w, https:\/\/kopejska.cz\/wp-content\/uploads\/2023\/02\/20230226_090947-1536x2048.jpg 1536w, https:\/\/kopejska.cz\/wp-content\/uploads\/2023\/02\/20230226_090947-2000x2667.jpg 2000w, https:\/\/kopejska.cz\/wp-content\/uploads\/2023\/02\/20230226_090947-scaled.jpg 1920w\" sizes=\"(max-width: 768px) 100vw, 768px\" \/><\/figure>\n\n\n\n<figure class=\"wp-block-image size-large\"><img decoding=\"async\" loading=\"lazy\" width=\"768\" height=\"1024\" data-id=\"756\"  src=\"https:\/\/kopejska.cz\/wp-content\/uploads\/2023\/02\/20230226_091151-768x1024.jpg\" alt=\"\" class=\"wp-image-756\" srcset=\"https:\/\/kopejska.cz\/wp-content\/uploads\/2023\/02\/20230226_091151-768x1024.jpg 768w, https:\/\/kopejska.cz\/wp-content\/uploads\/2023\/02\/20230226_091151-225x300.jpg 225w, https:\/\/kopejska.cz\/wp-content\/uploads\/2023\/02\/20230226_091151-1152x1536.jpg 1152w, https:\/\/kopejska.cz\/wp-content\/uploads\/2023\/02\/20230226_091151-1536x2048.jpg 1536w, https:\/\/kopejska.cz\/wp-content\/uploads\/2023\/02\/20230226_091151-2000x2667.jpg 2000w, https:\/\/kopejska.cz\/wp-content\/uploads\/2023\/02\/20230226_091151-scaled.jpg 1920w\" sizes=\"(max-width: 768px) 100vw, 768px\" \/><\/figure>\n\n\n\n<figure class=\"wp-block-image size-large\"><img decoding=\"async\" loading=\"lazy\" width=\"768\" height=\"1024\" data-id=\"754\"  src=\"https:\/\/kopejska.cz\/wp-content\/uploads\/2023\/02\/20230226_091012-1-768x1024.jpg\" alt=\"\" class=\"wp-image-754\" srcset=\"https:\/\/kopejska.cz\/wp-content\/uploads\/2023\/02\/20230226_091012-1-768x1024.jpg 768w, https:\/\/kopejska.cz\/wp-content\/uploads\/2023\/02\/20230226_091012-1-225x300.jpg 225w, https:\/\/kopejska.cz\/wp-content\/uploads\/2023\/02\/20230226_091012-1-1152x1536.jpg 1152w, https:\/\/kopejska.cz\/wp-content\/uploads\/2023\/02\/20230226_091012-1-1536x2048.jpg 1536w, https:\/\/kopejska.cz\/wp-content\/uploads\/2023\/02\/20230226_091012-1-2000x2667.jpg 2000w, https:\/\/kopejska.cz\/wp-content\/uploads\/2023\/02\/20230226_091012-1-scaled.jpg 1920w\" sizes=\"(max-width: 768px) 100vw, 768px\" \/><\/figure>\n<figcaption class=\"blocks-gallery-caption wp-element-caption\">Proh\u0159eji zemi sv\u00fdm taj\u00edc\u00edm sn\u011bhem<\/figcaption><\/figure>\n\n\n\n<div class=\"is-content-justification-center is-layout-flex wp-container-20 wp-block-buttons\">\n<div class=\"wp-block-button is-style-fill\"><a class=\"wp-block-button__link wp-element-button\" href=\"https:\/\/kopejska.cz\/?page_id=36\">V\u00edce informac\u00ed<\/a><\/div>\n<\/div>\n\n\n\n<div class=\"is-vertical is-layout-flex wp-container-24 wp-block-group\">\n<h1 class=\"has-text-align-left\">P\u0159edn\u00e1\u0161ky<\/h1>\n\n\n\n<div class=\"is-layout-flex wp-container-23 wp-block-columns are-vertically-aligned-top\">\n<div class=\"is-layout-flow wp-block-column is-vertically-aligned-top\">\n<figure class=\"wp-block-image size-large\"><img decoding=\"async\" loading=\"lazy\" width=\"1024\" height=\"682\" src=\"https:\/\/kopejska.cz\/wp-content\/uploads\/2022\/11\/Akce-pozvanka-1-1024x682.jpg\" alt=\"\" class=\"wp-image-303\" srcset=\"https:\/\/kopejska.cz\/wp-content\/uploads\/2022\/11\/Akce-pozvanka-1-1024x682.jpg 1024w, https:\/\/kopejska.cz\/wp-content\/uploads\/2022\/11\/Akce-pozvanka-1-300x200.jpg 300w, https:\/\/kopejska.cz\/wp-content\/uploads\/2022\/11\/Akce-pozvanka-1-768x511.jpg 768w, https:\/\/kopejska.cz\/wp-content\/uploads\/2022\/11\/Akce-pozvanka-1-1536x1022.jpg 1536w, https:\/\/kopejska.cz\/wp-content\/uploads\/2022\/11\/Akce-pozvanka-1-2048x1363.jpg 2048w, https:\/\/kopejska.cz\/wp-content\/uploads\/2022\/11\/Akce-pozvanka-1-2000x1331.jpg 2000w\" sizes=\"(max-width: 1024px) 100vw, 1024px\" \/><\/figure>\n<\/div>\n\n\n\n<div class=\"is-layout-flow wp-block-column is-vertically-aligned-top\">\n<p>\u017divot je neust\u00e1le se prom\u011b\u0148uj\u00edc\u00edm sv\u00e1tkem, kter\u00fd \u010dlov\u011bka denn\u011b vyb\u00edz\u00ed k&nbsp;tomu, aby byl vn\u00edm\u00e1n a napl\u0148ov\u00e1n. Je svobodnou volbou \u010dlov\u011bka, jak bude sv\u00e1tek slavit, \u010di sv\u011btit.<\/p>\n<\/div>\n<\/div>\n<\/div>\n\n\n\n<div class=\"is-content-justification-center is-layout-flex wp-container-25 wp-block-buttons\">\n<div class=\"wp-block-button is-style-fill\"><a class=\"wp-block-button__link wp-element-button\" href=\"https:\/\/kopejska.cz\/?page_id=35\">V\u00edce informac\u00ed<\/a><\/div>\n<\/div>\n\n\n\n<div style=\"height:64px\" aria-hidden=\"true\" class=\"wp-block-spacer\"><\/div>\n\n\n\n<div style=\"height:100px\" aria-hidden=\"true\" class=\"wp-block-spacer\"><\/div>\n\n\n\n<p><\/p>\n","protected":false},"excerpt":{"rendered":"<p>Jako \u010dlov\u011bk, b\u00e1sn\u00edk, hudebn\u00edk, terapeut a kou\u010d se sna\u017e\u00edm \u017e\u00edt tak, abych \u017eivot vn\u00edmal a pro\u017e\u00edval v&nbsp;jeho opravdovosti a vz\u00e1jemn\u00e9 \u017eiv\u00e9 sou\u010dinnosti. Abych neustrnul v n\u011bjak\u00e9 &#8222;bezpe\u010dn\u00e9&#8220; p\u0159edstav\u011b o sob\u011b a o sv\u011bt\u011b. Abych um\u011bl v\u011bdom\u011b prom\u011b\u0148ovat to, co prom\u011b\u0148ovat lze. Abych dovedl p\u0159ijmout to, co je nevyhnuteln\u00e9. Abych odpou\u0161t\u011bl. Abych vytv\u00e1\u0159el bezpe\u010dn\u00fd prostor pro &hellip; <\/p>\n<p class=\"link-more\"><a href=\"https:\/\/kopejska.cz\/\" class=\"more-link\">Read more<span class=\"screen-reader-text\"> &#8222;O mn\u011b&#8220;<\/span><\/a><\/p>\n","protected":false},"author":1,"featured_media":0,"parent":0,"menu_order":0,"comment_status":"closed","ping_status":"closed","template":"","meta":[],"_links":{"self":[{"href":"https:\/\/kopejska.cz\/index.php?rest_route=\/wp\/v2\/pages\/65"}],"collection":[{"href":"https:\/\/kopejska.cz\/index.php?rest_route=\/wp\/v2\/pages"}],"about":[{"href":"https:\/\/kopejska.cz\/index.php?rest_route=\/wp\/v2\/types\/page"}],"author":[{"embeddable":true,"href":"https:\/\/kopejska.cz\/index.php?rest_route=\/wp\/v2\/users\/1"}],"replies":[{"embeddable":true,"href":"https:\/\/kopejska.cz\/index.php?rest_route=%2Fwp%2Fv2%2Fcomments&post=65"}],"version-history":[{"count":117,"href":"https:\/\/kopejska.cz\/index.php?rest_route=\/wp\/v2\/pages\/65\/revisions"}],"predecessor-version":[{"id":757,"href":"https:\/\/kopejska.cz\/index.php?rest_route=\/wp\/v2\/pages\/65\/revisions\/757"}],"wp:attachment":[{"href":"https:\/\/kopejska.cz\/index.php?rest_route=%2Fwp%2Fv2%2Fmedia&parent=65"}],"curies":[{"name":"wp","href":"https:\/\/api.w.org\/{rel}","templated":true}]}}