{"id":474,"date":"2022-11-29T19:23:07","date_gmt":"2022-11-29T19:23:07","guid":{"rendered":"https:\/\/kopejska.cz\/?page_id=474"},"modified":"2023-01-31T20:02:18","modified_gmt":"2023-01-31T20:02:18","slug":"akce-a-pravidelna-setkavani","status":"publish","type":"page","link":"https:\/\/kopejska.cz\/?page_id=474","title":{"rendered":"Akce a pravideln\u00e1 setk\u00e1v\u00e1n\u00ed"},"content":{"rendered":"\n<p>Muzikoterapie v PN Kosmonosy<\/p>\n\n\n\n<p>S PN Kosmonosy spolupracuji v\u00edce jak \u0161est let. V dob\u011b covidov\u00e9 se nemocnice dvakr\u00e1t v\u017edy na n\u011bkolik m\u011bs\u00edc\u016f zav\u0159ela. P\u0159ed covidem jsem realizoval sedm a\u017e dest hodinu a p\u016fl dlouh\u00fdch muzikoterapeutick\u00fdch blok\u016f m\u011bs\u00ed\u010dn\u011b. Na odd\u011blen\u00ed detoxu, K20 a S7. V roce 2021 a v roce 2022 prob\u00edhala jedna a\u017e dv\u011b jednodenn\u00ed muzikoterapeutick\u00e1 setk\u00e1n\u00ed s t\u00edm, \u017ee v\u0161echny hodinu a p\u016fl dlouh\u00e9 bloky prob\u011bhly v jednom dni, zpravidla v \u00fater\u00fd.<\/p>\n\n\n\n<p>Muzikoterapie v PN Kosmonosy ke konci roku 2022 pokra\u010duje a bude pokra\u010dovat i v roce 2023. Ke t\u0159em odd\u011blen\u00edm p\u0159ibylo je\u0161t\u011b odd\u011blen\u00ed S8.<\/p>\n\n\n\n<p>Muzikoterapie se odehr\u00e1v\u00e1 na kulturn\u00edm s\u00e1le. Pacienti z jednotliv\u00fdch odd\u011blen\u00ed za\u017e\u00edvaj\u00ed chv\u00edle zti\u0161en\u00ed, jednoduchou pr\u00e1ci s dechem a s hlasem, aktivn\u00ed muzikoterapeutick\u00fd blok ve form\u011b spole\u010dn\u00e9ho bubnov\u00e1n\u00ed nebo na chv\u00edli vytvo\u0159\u00edme muzikoterapeutick\u00fd orchestr.<\/p>\n\n\n\n<p>Ve druh\u00e9 polovin\u011b prob\u00edh\u00e1 klasick\u00e1 muzikoterapeutick\u00e1 relaxace, jej\u00ed\u017e parametry jsou pops\u00e1ny na tomto webu na p\u0159\u00edslu\u0161n\u00e9m m\u00edst\u011b.<\/p>\n\n\n\n<figure class=\"is-layout-flex wp-block-gallery-1 wp-block-gallery has-nested-images columns-default is-cropped\">\n<figure class=\"wp-block-image size-large\"><img decoding=\"async\" loading=\"lazy\" width=\"666\" height=\"1000\" data-id=\"720\"  src=\"https:\/\/kopejska.cz\/wp-content\/uploads\/2023\/01\/Ja-4.jpg\" alt=\"\" class=\"wp-image-720\" srcset=\"https:\/\/kopejska.cz\/wp-content\/uploads\/2023\/01\/Ja-4.jpg 666w, https:\/\/kopejska.cz\/wp-content\/uploads\/2023\/01\/Ja-4-200x300.jpg 200w\" sizes=\"(max-width: 666px) 100vw, 666px\" \/><\/figure>\n<\/figure>\n\n\n\n<figure class=\"is-layout-flex wp-block-gallery-3 wp-block-gallery has-nested-images columns-2 is-cropped\">\n<figure class=\"wp-block-image size-full\"><a href=\"https:\/\/kopejska.cz\/wp-content\/uploads\/2022\/11\/DSC_8789-4-scaled.jpg\"><img decoding=\"async\" loading=\"lazy\" width=\"2560\" height=\"1707\" data-id=\"499\"  src=\"https:\/\/kopejska.cz\/wp-content\/uploads\/2022\/11\/DSC_8789-4-scaled.jpg\" alt=\"\" class=\"wp-image-499\" srcset=\"https:\/\/kopejska.cz\/wp-content\/uploads\/2022\/11\/DSC_8789-4-scaled.jpg 2560w, https:\/\/kopejska.cz\/wp-content\/uploads\/2022\/11\/DSC_8789-4-300x200.jpg 300w, https:\/\/kopejska.cz\/wp-content\/uploads\/2022\/11\/DSC_8789-4-1024x683.jpg 1024w, https:\/\/kopejska.cz\/wp-content\/uploads\/2022\/11\/DSC_8789-4-768x512.jpg 768w, https:\/\/kopejska.cz\/wp-content\/uploads\/2022\/11\/DSC_8789-4-1536x1024.jpg 1536w, https:\/\/kopejska.cz\/wp-content\/uploads\/2022\/11\/DSC_8789-4-2048x1365.jpg 2048w, https:\/\/kopejska.cz\/wp-content\/uploads\/2022\/11\/DSC_8789-4-2000x1333.jpg 2000w\" sizes=\"(max-width: 2560px) 100vw, 2560px\" \/><\/a><\/figure>\n\n\n\n<figure class=\"wp-block-image size-full\"><a href=\"https:\/\/kopejska.cz\/wp-content\/uploads\/2022\/11\/DSC_8787-6-scaled.jpg\"><img decoding=\"async\" loading=\"lazy\" width=\"2560\" height=\"1707\" data-id=\"498\"  src=\"https:\/\/kopejska.cz\/wp-content\/uploads\/2022\/11\/DSC_8787-6-scaled.jpg\" alt=\"\" class=\"wp-image-498\" srcset=\"https:\/\/kopejska.cz\/wp-content\/uploads\/2022\/11\/DSC_8787-6-scaled.jpg 2560w, https:\/\/kopejska.cz\/wp-content\/uploads\/2022\/11\/DSC_8787-6-300x200.jpg 300w, https:\/\/kopejska.cz\/wp-content\/uploads\/2022\/11\/DSC_8787-6-1024x683.jpg 1024w, https:\/\/kopejska.cz\/wp-content\/uploads\/2022\/11\/DSC_8787-6-768x512.jpg 768w, https:\/\/kopejska.cz\/wp-content\/uploads\/2022\/11\/DSC_8787-6-1536x1024.jpg 1536w, https:\/\/kopejska.cz\/wp-content\/uploads\/2022\/11\/DSC_8787-6-2048x1365.jpg 2048w, https:\/\/kopejska.cz\/wp-content\/uploads\/2022\/11\/DSC_8787-6-2000x1333.jpg 2000w\" sizes=\"(max-width: 2560px) 100vw, 2560px\" \/><\/a><\/figure>\n\n\n\n<figure class=\"wp-block-image size-full\"><a href=\"https:\/\/kopejska.cz\/wp-content\/uploads\/2022\/11\/DSC_8791-1-scaled.jpg\"><img decoding=\"async\" loading=\"lazy\" width=\"2560\" height=\"1707\" data-id=\"492\"  src=\"https:\/\/kopejska.cz\/wp-content\/uploads\/2022\/11\/DSC_8791-1-scaled.jpg\" alt=\"\" class=\"wp-image-492\" srcset=\"https:\/\/kopejska.cz\/wp-content\/uploads\/2022\/11\/DSC_8791-1-scaled.jpg 2560w, https:\/\/kopejska.cz\/wp-content\/uploads\/2022\/11\/DSC_8791-1-300x200.jpg 300w, https:\/\/kopejska.cz\/wp-content\/uploads\/2022\/11\/DSC_8791-1-1024x683.jpg 1024w, https:\/\/kopejska.cz\/wp-content\/uploads\/2022\/11\/DSC_8791-1-768x512.jpg 768w, https:\/\/kopejska.cz\/wp-content\/uploads\/2022\/11\/DSC_8791-1-1536x1024.jpg 1536w, https:\/\/kopejska.cz\/wp-content\/uploads\/2022\/11\/DSC_8791-1-2048x1365.jpg 2048w, https:\/\/kopejska.cz\/wp-content\/uploads\/2022\/11\/DSC_8791-1-2000x1333.jpg 2000w\" sizes=\"(max-width: 2560px) 100vw, 2560px\" \/><\/a><\/figure>\n\n\n\n<figure class=\"wp-block-image size-full\"><a href=\"https:\/\/kopejska.cz\/wp-content\/uploads\/2022\/11\/DSC_8793-scaled.jpg\"><img decoding=\"async\" loading=\"lazy\" width=\"2560\" height=\"1707\" data-id=\"483\"  src=\"https:\/\/kopejska.cz\/wp-content\/uploads\/2022\/11\/DSC_8793-scaled.jpg\" alt=\"\" class=\"wp-image-483\" srcset=\"https:\/\/kopejska.cz\/wp-content\/uploads\/2022\/11\/DSC_8793-scaled.jpg 2560w, https:\/\/kopejska.cz\/wp-content\/uploads\/2022\/11\/DSC_8793-300x200.jpg 300w, https:\/\/kopejska.cz\/wp-content\/uploads\/2022\/11\/DSC_8793-1024x683.jpg 1024w, https:\/\/kopejska.cz\/wp-content\/uploads\/2022\/11\/DSC_8793-768x512.jpg 768w, https:\/\/kopejska.cz\/wp-content\/uploads\/2022\/11\/DSC_8793-1536x1024.jpg 1536w, https:\/\/kopejska.cz\/wp-content\/uploads\/2022\/11\/DSC_8793-2048x1365.jpg 2048w, https:\/\/kopejska.cz\/wp-content\/uploads\/2022\/11\/DSC_8793-2000x1333.jpg 2000w\" sizes=\"(max-width: 2560px) 100vw, 2560px\" \/><\/a><\/figure>\n\n\n\n<figure class=\"wp-block-image size-full\"><a href=\"https:\/\/kopejska.cz\/wp-content\/uploads\/2022\/11\/DSC_8870-scaled.jpg\"><img decoding=\"async\" loading=\"lazy\" width=\"2560\" height=\"1707\" data-id=\"502\"  src=\"https:\/\/kopejska.cz\/wp-content\/uploads\/2022\/11\/DSC_8870-scaled.jpg\" alt=\"\" class=\"wp-image-502\" srcset=\"https:\/\/kopejska.cz\/wp-content\/uploads\/2022\/11\/DSC_8870-scaled.jpg 2560w, https:\/\/kopejska.cz\/wp-content\/uploads\/2022\/11\/DSC_8870-300x200.jpg 300w, https:\/\/kopejska.cz\/wp-content\/uploads\/2022\/11\/DSC_8870-1024x683.jpg 1024w, https:\/\/kopejska.cz\/wp-content\/uploads\/2022\/11\/DSC_8870-768x512.jpg 768w, https:\/\/kopejska.cz\/wp-content\/uploads\/2022\/11\/DSC_8870-1536x1024.jpg 1536w, https:\/\/kopejska.cz\/wp-content\/uploads\/2022\/11\/DSC_8870-2048x1365.jpg 2048w, https:\/\/kopejska.cz\/wp-content\/uploads\/2022\/11\/DSC_8870-2000x1333.jpg 2000w\" sizes=\"(max-width: 2560px) 100vw, 2560px\" \/><\/a><\/figure>\n\n\n\n<figure class=\"wp-block-image size-full\"><a href=\"https:\/\/kopejska.cz\/wp-content\/uploads\/2022\/11\/DSC_8880-scaled.jpg\"><img decoding=\"async\" loading=\"lazy\" width=\"2560\" height=\"1707\" data-id=\"506\"  src=\"https:\/\/kopejska.cz\/wp-content\/uploads\/2022\/11\/DSC_8880-scaled.jpg\" alt=\"\" class=\"wp-image-506\" srcset=\"https:\/\/kopejska.cz\/wp-content\/uploads\/2022\/11\/DSC_8880-scaled.jpg 2560w, https:\/\/kopejska.cz\/wp-content\/uploads\/2022\/11\/DSC_8880-300x200.jpg 300w, https:\/\/kopejska.cz\/wp-content\/uploads\/2022\/11\/DSC_8880-1024x683.jpg 1024w, https:\/\/kopejska.cz\/wp-content\/uploads\/2022\/11\/DSC_8880-768x512.jpg 768w, https:\/\/kopejska.cz\/wp-content\/uploads\/2022\/11\/DSC_8880-1536x1024.jpg 1536w, https:\/\/kopejska.cz\/wp-content\/uploads\/2022\/11\/DSC_8880-2048x1365.jpg 2048w, https:\/\/kopejska.cz\/wp-content\/uploads\/2022\/11\/DSC_8880-2000x1333.jpg 2000w\" sizes=\"(max-width: 2560px) 100vw, 2560px\" \/><\/a><\/figure>\n<figcaption class=\"blocks-gallery-caption wp-element-caption\">Muzikoterapie v PN Kosmonosy<\/figcaption><\/figure>\n\n\n\n<h2>Setk\u00e1n\u00ed s Otokarem B\u0159ezinou<\/h2>\n\n\n\n<p>Ve \u010dtvrtek dne 12. ledna 2023 se uskute\u010dnil v historick\u00e9 budov\u011b \u0160pit\u00e1lu v Jarom\u011b\u0159ic\u00edch nad Rokytnou po\u0159ad &#8222;Setk\u00e1n\u00ed s Otokarem B\u0159ezinou&#8220; &#8211; komponovan\u00fd po\u0159ad sestaven\u00fd z p\u0159\u00edm\u00fdch sv\u011bdectv\u00ed lid\u00ed, kte\u0159\u00ed se skute\u010dn\u011b v Jarom\u011b\u0159ic\u00edch a okol\u00ed s b\u00e1sn\u00edkem setk\u00e1vali nebo setkali (Marie Krulov\u00e1, Jakub Deml, Franti\u0161ek B\u00edlek, Em\u00edlie Lakom\u00e1&#8230;), z recitace b\u00e1sn\u00ed Otokara B\u0159eziny a p\u0159ednesu jeho zhudebn\u011bn\u00fdch b\u00e1sn\u00ed za doprovodu kytary.<\/p>\n\n\n\n<figure class=\"is-layout-flex wp-block-gallery-5 wp-block-gallery has-nested-images columns-default is-cropped\">\n<figure class=\"wp-block-image size-large\"><img decoding=\"async\" loading=\"lazy\" width=\"724\" height=\"1024\" data-id=\"737\"  src=\"https:\/\/kopejska.cz\/wp-content\/uploads\/2023\/01\/Setkani-s-Otokarem-Brezinou-724x1024.jpg\" alt=\"\" class=\"wp-image-737\" srcset=\"https:\/\/kopejska.cz\/wp-content\/uploads\/2023\/01\/Setkani-s-Otokarem-Brezinou-724x1024.jpg 724w, https:\/\/kopejska.cz\/wp-content\/uploads\/2023\/01\/Setkani-s-Otokarem-Brezinou-212x300.jpg 212w, https:\/\/kopejska.cz\/wp-content\/uploads\/2023\/01\/Setkani-s-Otokarem-Brezinou-768x1086.jpg 768w, https:\/\/kopejska.cz\/wp-content\/uploads\/2023\/01\/Setkani-s-Otokarem-Brezinou-1086x1536.jpg 1086w, https:\/\/kopejska.cz\/wp-content\/uploads\/2023\/01\/Setkani-s-Otokarem-Brezinou.jpg 1414w\" sizes=\"(max-width: 724px) 100vw, 724px\" \/><\/figure>\n<\/figure>\n\n\n\n<figure class=\"is-layout-flex wp-block-gallery-7 wp-block-gallery has-nested-images columns-default is-cropped\">\n<figure class=\"wp-block-image size-large\"><img decoding=\"async\" loading=\"lazy\" width=\"667\" height=\"1000\" data-id=\"739\"  src=\"https:\/\/kopejska.cz\/wp-content\/uploads\/2023\/01\/Setkani-2.jpg\" alt=\"\" class=\"wp-image-739\" srcset=\"https:\/\/kopejska.cz\/wp-content\/uploads\/2023\/01\/Setkani-2.jpg 667w, https:\/\/kopejska.cz\/wp-content\/uploads\/2023\/01\/Setkani-2-200x300.jpg 200w\" sizes=\"(max-width: 667px) 100vw, 667px\" \/><\/figure>\n\n\n\n<figure class=\"wp-block-image size-large\"><img decoding=\"async\" loading=\"lazy\" width=\"768\" height=\"1024\" data-id=\"740\"  src=\"https:\/\/kopejska.cz\/wp-content\/uploads\/2023\/01\/Setkani-3-768x1024.jpg\" alt=\"\" class=\"wp-image-740\" srcset=\"https:\/\/kopejska.cz\/wp-content\/uploads\/2023\/01\/Setkani-3-768x1024.jpg 768w, https:\/\/kopejska.cz\/wp-content\/uploads\/2023\/01\/Setkani-3-225x300.jpg 225w, https:\/\/kopejska.cz\/wp-content\/uploads\/2023\/01\/Setkani-3-1152x1536.jpg 1152w, https:\/\/kopejska.cz\/wp-content\/uploads\/2023\/01\/Setkani-3-1536x2048.jpg 1536w, https:\/\/kopejska.cz\/wp-content\/uploads\/2023\/01\/Setkani-3-2000x2667.jpg 2000w, https:\/\/kopejska.cz\/wp-content\/uploads\/2023\/01\/Setkani-3-scaled.jpg 1920w\" sizes=\"(max-width: 768px) 100vw, 768px\" \/><\/figure>\n<\/figure>\n","protected":false},"excerpt":{"rendered":"<p>Muzikoterapie v PN Kosmonosy S PN Kosmonosy spolupracuji v\u00edce jak \u0161est let. V dob\u011b covidov\u00e9 se nemocnice dvakr\u00e1t v\u017edy na n\u011bkolik m\u011bs\u00edc\u016f zav\u0159ela. P\u0159ed covidem jsem realizoval sedm a\u017e dest hodinu a p\u016fl dlouh\u00fdch muzikoterapeutick\u00fdch blok\u016f m\u011bs\u00ed\u010dn\u011b. Na odd\u011blen\u00ed detoxu, K20 a S7. V roce 2021 a v roce 2022 prob\u00edhala jedna a\u017e dv\u011b jednodenn\u00ed &hellip; <\/p>\n<p class=\"link-more\"><a href=\"https:\/\/kopejska.cz\/?page_id=474\" class=\"more-link\">Read more<span class=\"screen-reader-text\"> &#8222;Akce a pravideln\u00e1 setk\u00e1v\u00e1n\u00ed&#8220;<\/span><\/a><\/p>\n","protected":false},"author":2,"featured_media":0,"parent":0,"menu_order":0,"comment_status":"closed","ping_status":"closed","template":"","meta":[],"_links":{"self":[{"href":"https:\/\/kopejska.cz\/index.php?rest_route=\/wp\/v2\/pages\/474"}],"collection":[{"href":"https:\/\/kopejska.cz\/index.php?rest_route=\/wp\/v2\/pages"}],"about":[{"href":"https:\/\/kopejska.cz\/index.php?rest_route=\/wp\/v2\/types\/page"}],"author":[{"embeddable":true,"href":"https:\/\/kopejska.cz\/index.php?rest_route=\/wp\/v2\/users\/2"}],"replies":[{"embeddable":true,"href":"https:\/\/kopejska.cz\/index.php?rest_route=%2Fwp%2Fv2%2Fcomments&post=474"}],"version-history":[{"count":9,"href":"https:\/\/kopejska.cz\/index.php?rest_route=\/wp\/v2\/pages\/474\/revisions"}],"predecessor-version":[{"id":741,"href":"https:\/\/kopejska.cz\/index.php?rest_route=\/wp\/v2\/pages\/474\/revisions\/741"}],"wp:attachment":[{"href":"https:\/\/kopejska.cz\/index.php?rest_route=%2Fwp%2Fv2%2Fmedia&parent=474"}],"curies":[{"name":"wp","href":"https:\/\/api.w.org\/{rel}","templated":true}]}}