{"id":36,"date":"2022-05-20T14:32:21","date_gmt":"2022-05-20T14:32:21","guid":{"rendered":"https:\/\/kopejska.cz\/?page_id=36"},"modified":"2022-12-10T13:32:51","modified_gmt":"2022-12-10T13:32:51","slug":"basne-a-recitaly","status":"publish","type":"page","link":"https:\/\/kopejska.cz\/?page_id=36","title":{"rendered":"Autorsk\u00e9 p\u00edsn\u011b s kytarou a b\u00e1sn\u011b"},"content":{"rendered":"\n<p class=\"has-text-align-left\"><strong>Jsem \u201ezn\u011bj\u00edc\u00ed b\u00e1sn\u00edk\u201c \u2013 propojuj\u00edc\u00ed ve sv\u00fdch p\u00edsn\u00edch a b\u00e1sn\u00edch sv\u011bt duchovn\u00ed (neviditeln\u00fd) se sv\u011btem pozemsk\u00fdm (hmotn\u00fdm, smysly vn\u00edman\u00fdm a zakou\u0161en\u00fdm) tak, aby v\u0161e tvo\u0159ilo jeden celek.<\/strong><\/p>\n\n\n\n<p class=\"has-text-align-left\">P\u00edsn\u011b a b\u00e1sn\u011b vznikaly a st\u00e1le vznikaj\u00ed v\u00a0meditativn\u00edm radostn\u011b tv\u016fr\u010d\u00edm rozpolo\u017een\u00ed u\u017e t\u0159icet let. Strachy, nejistoty a bolesti jsou v\u00a0nich prostupov\u00e1ny sv\u011btlem l\u00e1sky, svobody, odpu\u0161t\u011bn\u00ed a p\u0159ijet\u00ed. Jsou takov\u00fdmi, jak\u00fdm je lidsk\u00fd \u017eivot. Tedy barevn\u00fdmi a prom\u011b\u0148uj\u00edc\u00edmi.<\/p>\n\n\n<div class=\"wp-block-image is-style-default\">\n<figure class=\"aligncenter size-full\"><img decoding=\"async\" loading=\"lazy\" width=\"2560\" height=\"1704\" src=\"https:\/\/kopejska.cz\/wp-content\/uploads\/2022\/11\/Pisne-s-kytarou-4-scaled.jpg\" alt=\"\" class=\"wp-image-249\" srcset=\"https:\/\/kopejska.cz\/wp-content\/uploads\/2022\/11\/Pisne-s-kytarou-4-scaled.jpg 2560w, https:\/\/kopejska.cz\/wp-content\/uploads\/2022\/11\/Pisne-s-kytarou-4-300x200.jpg 300w, https:\/\/kopejska.cz\/wp-content\/uploads\/2022\/11\/Pisne-s-kytarou-4-1024x682.jpg 1024w, https:\/\/kopejska.cz\/wp-content\/uploads\/2022\/11\/Pisne-s-kytarou-4-768x511.jpg 768w, https:\/\/kopejska.cz\/wp-content\/uploads\/2022\/11\/Pisne-s-kytarou-4-1536x1022.jpg 1536w, https:\/\/kopejska.cz\/wp-content\/uploads\/2022\/11\/Pisne-s-kytarou-4-2048x1363.jpg 2048w, https:\/\/kopejska.cz\/wp-content\/uploads\/2022\/11\/Pisne-s-kytarou-4-2000x1331.jpg 2000w\" sizes=\"(max-width: 2560px) 100vw, 2560px\" \/><figcaption class=\"wp-element-caption\"><strong>&#8222;\u017divot z \u017eivota se rod\u00ed, sv\u011btlo ze sv\u011btla, V\u011b\u010dnost hmotu v sv\u016fj \u0161at upletla&#8220; (ver\u0161e z p\u00edsn\u011b &#8222;M\u00e1\u0161 v ruk\u00e1ch \u010das&#8220;)<\/strong><\/figcaption><\/figure><\/div>\n\n\n<h2>Uk\u00e1zky m\u00fdch p\u00edsn\u00ed<\/h2>\n\n\n\n<figure class=\"wp-block-audio\"><audio controls src=\"https:\/\/kopejska.cz\/wp-content\/uploads\/2022\/11\/Modra-je-dalka-1.mp3\"><\/audio><figcaption class=\"wp-element-caption\">Modr\u00e1 je d\u00e1lka<\/figcaption><\/figure>\n\n\n\n<figure class=\"wp-block-audio\"><audio controls src=\"https:\/\/kopejska.cz\/wp-content\/uploads\/2022\/11\/Clovek-ukry-bila-kridla.mp3\"><\/audio><figcaption class=\"wp-element-caption\">\u010clov\u011bk ukryl b\u00edl\u00e1 k\u0159\u00eddla<\/figcaption><\/figure>\n\n\n\n<figure class=\"wp-block-audio\"><audio controls src=\"https:\/\/kopejska.cz\/wp-content\/uploads\/2022\/11\/Ve-stinu-jasminu.mp3\"><\/audio><figcaption class=\"wp-element-caption\">Ve st\u00ednu jasm\u00edn\u016f<\/figcaption><\/figure>\n\n\n\n<h2>Uk\u00e1zky m\u00fdch b\u00e1sn\u00ed<\/h2>\n\n\n\n<figure class=\"wp-block-pullquote\"><blockquote><p><strong>SESTAV DUHU Z&nbsp;B\u00cdL\u00ddCH KRUH\u016e<\/strong><br><br>Sestav duhu z&nbsp;b\u00edl\u00fdch kruh\u016f.<br>Probu\u010f ch\u016fz\u00ed pohyb v\u011btv\u00ed<br>budouc\u00edho lesa.<br><br>Najdi \u010dir\u00e9 kapky de\u0161t\u011b<br>v&nbsp;proudech vlas\u016f cest, cos pro\u0161el<br>p\u0159i \u010dek\u00e1n\u00ed na zp\u011bv kosa.<br><br>Postav z&nbsp;vlastn\u00edch kostek ledu<br>zlobn\u00fdch gest a skryt\u00fdch blud\u016f<br>p\u0159\u00edbytek pro zlat\u00e9 Ticho<br>krou\u017e\u00edc\u00ed tvou pam\u011bt\u00ed.<br><br>I ty jsi schopen ob\u011bti!<br>I ty jsi schopen ob\u011bti!<br><br>I ty jsi schopen dop\u00edt kalich<br>slep\u00fdch slov a souv\u011bt\u00ed.<br>Utvo\u0159en jsi v&nbsp;j\u00e1dru<br>Du\u0161e<br>zlat\u00fdm sv\u011btlem P\u0159ijet\u00ed!<br><br>Uzdrav p\u0159\u00edb\u011bh vyschl\u00e9 \u0159eky<br>zrcadlen\u00edm Slunce v&nbsp;slze.<br>Odemkni klec rann\u00ed mlze<br>a zap\u00edskej na prsty.<br><br>Do no\u010dn\u00edch \u0159ek zasa\u010f saze<br>p\u0159eno\u0161en\u00e9 bolesti.<br>V\u00fdrazy sv\u00e9 sp\u00edc\u00ed tv\u00e1\u0159e<br>zap\u0159\u00e1hni do rozhodnut\u00ed<br>p\u016flm\u011bs\u00ed\u010dn\u00ed svatoz\u00e1\u0159e<br>k&nbsp;\u00fapl\u0148kov\u00e9 zralosti.<br><br>Poru\u0161 star\u00e9 zvyklosti<br>sklizn\u00ed plod\u016f bl\u00edzkosti.<br><br>Sestav duhu z&nbsp;b\u00edl\u00fdch kruh\u016f.<br>Probu\u010f ch\u016fz\u00ed pohyb v\u011btv\u00ed<br>budouc\u00edho lesa.<\/p><\/blockquote><\/figure>\n\n\n\n<div style=\"height:32px\" aria-hidden=\"true\" class=\"wp-block-spacer\"><\/div>\n\n\n\n<div class=\"is-content-justification-center is-nowrap is-layout-flex wp-container-1 wp-block-group\">\n<figure class=\"wp-block-image size-full is-resized is-style-default\"><img decoding=\"async\" loading=\"lazy\" src=\"https:\/\/kopejska.cz\/wp-content\/uploads\/2022\/11\/Pisne-s-kytarou-1-1-scaled.jpg\" alt=\"\" class=\"wp-image-320\" width=\"677\" height=\"451\" srcset=\"https:\/\/kopejska.cz\/wp-content\/uploads\/2022\/11\/Pisne-s-kytarou-1-1-scaled.jpg 2560w, https:\/\/kopejska.cz\/wp-content\/uploads\/2022\/11\/Pisne-s-kytarou-1-1-300x200.jpg 300w, https:\/\/kopejska.cz\/wp-content\/uploads\/2022\/11\/Pisne-s-kytarou-1-1-1024x682.jpg 1024w, https:\/\/kopejska.cz\/wp-content\/uploads\/2022\/11\/Pisne-s-kytarou-1-1-768x511.jpg 768w, https:\/\/kopejska.cz\/wp-content\/uploads\/2022\/11\/Pisne-s-kytarou-1-1-1536x1022.jpg 1536w, https:\/\/kopejska.cz\/wp-content\/uploads\/2022\/11\/Pisne-s-kytarou-1-1-2048x1363.jpg 2048w, https:\/\/kopejska.cz\/wp-content\/uploads\/2022\/11\/Pisne-s-kytarou-1-1-2000x1331.jpg 2000w\" sizes=\"(max-width: 677px) 100vw, 677px\" \/><\/figure>\n<\/div>\n\n\n\n<div style=\"height:32px\" aria-hidden=\"true\" class=\"wp-block-spacer\"><\/div>\n\n\n\n<figure class=\"wp-block-pullquote\"><blockquote><p><strong>HORKOU DLAN\u00cd<\/strong><br><br>Horkou dlan\u00ed, touhou vran\u00ed<br>pustil jsem po vod\u011b p\u0159\u00e1n\u00ed,<br>a\u0165 \u00fasvit dostihne stm\u00edv\u00e1n\u00ed,<br>a\u0165 v&nbsp;l\u00e1sce nen\u00ed um\u00edr\u00e1n\u00ed,<br>a\u0165 tahy \u0161t\u011btc\u016f z&nbsp;parapetu<br>jsou slovy sv\u011btc\u016f prost\u00e9 st\u0159et\u016f.<br><br>A\u0165 lidsk\u00e9 dlan\u011b host\u00ed lan\u011b<br>konej\u0161iv\u00fdch pohyb\u016f.<br>A\u0165 d\u016fm vypad\u00e1 rozestlan\u011b,<br>a tma m\u00e1 m\u00e1lo z\u00e1hyb\u016f.<br><br>Zas zavel\u00ed n\u00e1ru\u010d jmel\u00ed<br>k&nbsp;pokojn\u00e9mu zastaven\u00ed.<br>Poto\u010dn\u00ed list za\u0161evel\u00ed<br>o sv\u00e1tosti narozen\u00ed.<br><br>A sko\u0159\u00e1pky na hladin\u00e1ch<br>p\u0159itul\u00ed se jedna k&nbsp;druh\u00e9.<br>Noc spolyk\u00e1 trakt\u00e1t o vin\u00e1ch,<br>hv\u011bzdy budou m\u00e9n\u011b stroh\u00e9.<\/p><\/blockquote><\/figure>\n","protected":false},"excerpt":{"rendered":"<p>Jsem \u201ezn\u011bj\u00edc\u00ed b\u00e1sn\u00edk\u201c \u2013 propojuj\u00edc\u00ed ve sv\u00fdch p\u00edsn\u00edch a b\u00e1sn\u00edch sv\u011bt duchovn\u00ed (neviditeln\u00fd) se sv\u011btem pozemsk\u00fdm (hmotn\u00fdm, smysly vn\u00edman\u00fdm a zakou\u0161en\u00fdm) tak, aby v\u0161e tvo\u0159ilo jeden celek. P\u00edsn\u011b a b\u00e1sn\u011b vznikaly a st\u00e1le vznikaj\u00ed v\u00a0meditativn\u00edm radostn\u011b tv\u016fr\u010d\u00edm rozpolo\u017een\u00ed u\u017e t\u0159icet let. Strachy, nejistoty a bolesti jsou v\u00a0nich prostupov\u00e1ny sv\u011btlem l\u00e1sky, svobody, odpu\u0161t\u011bn\u00ed a p\u0159ijet\u00ed. Jsou &hellip; <\/p>\n<p class=\"link-more\"><a href=\"https:\/\/kopejska.cz\/?page_id=36\" class=\"more-link\">Read more<span class=\"screen-reader-text\"> &#8222;Autorsk\u00e9 p\u00edsn\u011b s kytarou a b\u00e1sn\u011b&#8220;<\/span><\/a><\/p>\n","protected":false},"author":1,"featured_media":0,"parent":0,"menu_order":0,"comment_status":"closed","ping_status":"closed","template":"","meta":[],"_links":{"self":[{"href":"https:\/\/kopejska.cz\/index.php?rest_route=\/wp\/v2\/pages\/36"}],"collection":[{"href":"https:\/\/kopejska.cz\/index.php?rest_route=\/wp\/v2\/pages"}],"about":[{"href":"https:\/\/kopejska.cz\/index.php?rest_route=\/wp\/v2\/types\/page"}],"author":[{"embeddable":true,"href":"https:\/\/kopejska.cz\/index.php?rest_route=\/wp\/v2\/users\/1"}],"replies":[{"embeddable":true,"href":"https:\/\/kopejska.cz\/index.php?rest_route=%2Fwp%2Fv2%2Fcomments&post=36"}],"version-history":[{"count":41,"href":"https:\/\/kopejska.cz\/index.php?rest_route=\/wp\/v2\/pages\/36\/revisions"}],"predecessor-version":[{"id":646,"href":"https:\/\/kopejska.cz\/index.php?rest_route=\/wp\/v2\/pages\/36\/revisions\/646"}],"wp:attachment":[{"href":"https:\/\/kopejska.cz\/index.php?rest_route=%2Fwp%2Fv2%2Fmedia&parent=36"}],"curies":[{"name":"wp","href":"https:\/\/api.w.org\/{rel}","templated":true}]}}