{"id":33,"date":"2022-05-20T14:32:21","date_gmt":"2022-05-20T14:32:21","guid":{"rendered":"https:\/\/kopejska.cz\/?page_id=33"},"modified":"2022-12-10T15:40:12","modified_gmt":"2022-12-10T15:40:12","slug":"celostni-muzikoterapie","status":"publish","type":"page","link":"https:\/\/kopejska.cz\/?page_id=33","title":{"rendered":"Celostn\u00ed muzikoterapie"},"content":{"rendered":"\n<p class=\"has-text-align-center\"><strong>V\u0161e plyne a v\u0161e vibruje.<\/strong><\/p>\n\n\n\n<p class=\"has-text-align-center\"><strong>\u010clov\u011bk vn\u00edm\u00e1 a pro\u017e\u00edv\u00e1 v\u017edy jen ur\u010ditou \u010d\u00e1st tohoto vibrov\u00e1n\u00ed a plynut\u00ed. Tu \u010d\u00e1st, kter\u00e1 je<br>pr\u00e1v\u011b nezbytnou \u010d\u00e1st\u00ed pro jeho osobn\u00ed r\u016fst.<\/strong><\/p>\n\n\n\n<p>Lidsk\u00fd \u017eivot je velkou vz\u00e1cnost\u00ed. Svou hodnotu m\u00e1 u\u017e jen t\u00edm, \u017ee JE. Tato z\u00e1kladn\u00ed hodnota se\nd\u00e1 d\u00e1le prohlubovat. Jej\u00ed prohlubov\u00e1n\u00ed spo\u010d\u00edv\u00e1 v&nbsp;rozmanit\u00fdch tv\u016fr\u010d\u00edch schopnostech \u010dlov\u011bka\na v&nbsp;jejich praktick\u00e9m realizov\u00e1n\u00ed ve slu\u017eb\u011b druh\u00fdm lidem. Ve v\u016fli k l\u00e1sce a ke svobod\u011b. Nikoli\nv&nbsp;mocensk\u00fdch ambic\u00edch a v&nbsp;nekorektn\u00edm usilov\u00e1n\u00ed o pom\u00edjivou sl\u00e1vu. I kdy\u017e i to pat\u0159\u00ed\nk&nbsp;lidsk\u00e9mu \u017eivotu a \u017eivotn\u00edm zku\u0161enostem.<\/p>\n\n\n\n<p class=\"has-text-align-left text-align-block\">Jsem hluboce p\u0159esv\u011bd\u010den o tom, \u017ee je dobr\u00e9 mnohem v\u00edce podporovat a posilovat v&nbsp;sob\u011b vibrace otev\u00edraj\u00edc\u00ed br\u00e1ny k&nbsp;\u017eivotu ne\u017e ty vedouc\u00ed ke stagnaci a z\u00e1vislosti.<\/p>\n\n\n\n<p class=\"has-text-align-left\"><strong>B\u011bhem hodinov\u00fdch celostn\u011b muzikoterapeutick\u00fdch relaxac\u00ed hraji na n\u00e1stroje s&nbsp;p\u0159irozen\u00fdm lad\u011bn\u00edm a zp\u00edv\u00e1m.<\/strong><\/p>\n\n\n\n<p class=\"has-text-align-left\">P\u0159\u00edtomn\u00ed jsou tak harmonizov\u00e1n\u00ed prost\u0159ednictv\u00edm \u017eiv\u00fdch a zdrav\u00fdch vibrac\u00ed tak, jako kdyby byli vystaveni zvuk\u016fm a vibarc\u00edm \u010dlov\u011bku p\u0159irozen\u00fdm a v p\u0159\u00edrod\u011b voln\u011b a svobodn\u011b p\u016fsob\u00edc\u00edm.<\/p>\n\n\n\n<figure class=\"is-layout-flex wp-block-gallery-1 wp-block-gallery has-nested-images columns-default is-cropped\">\n<figure class=\"wp-block-image size-large\"><img decoding=\"async\" loading=\"lazy\" width=\"1024\" height=\"682\" data-id=\"280\"  src=\"https:\/\/kopejska.cz\/wp-content\/uploads\/2022\/11\/Muzikoterapie-Nastroje-na-latce-andele-2-1024x682.jpg\" alt=\"\" class=\"wp-image-280\" srcset=\"https:\/\/kopejska.cz\/wp-content\/uploads\/2022\/11\/Muzikoterapie-Nastroje-na-latce-andele-2-1024x682.jpg 1024w, https:\/\/kopejska.cz\/wp-content\/uploads\/2022\/11\/Muzikoterapie-Nastroje-na-latce-andele-2-300x200.jpg 300w, https:\/\/kopejska.cz\/wp-content\/uploads\/2022\/11\/Muzikoterapie-Nastroje-na-latce-andele-2-768x511.jpg 768w, https:\/\/kopejska.cz\/wp-content\/uploads\/2022\/11\/Muzikoterapie-Nastroje-na-latce-andele-2-1536x1022.jpg 1536w, https:\/\/kopejska.cz\/wp-content\/uploads\/2022\/11\/Muzikoterapie-Nastroje-na-latce-andele-2-2048x1363.jpg 2048w, https:\/\/kopejska.cz\/wp-content\/uploads\/2022\/11\/Muzikoterapie-Nastroje-na-latce-andele-2-2000x1331.jpg 2000w\" sizes=\"(max-width: 1024px) 100vw, 1024px\" \/><\/figure>\n\n\n\n<figure class=\"wp-block-image size-large\"><img decoding=\"async\" loading=\"lazy\" width=\"1024\" height=\"682\" data-id=\"281\"  src=\"https:\/\/kopejska.cz\/wp-content\/uploads\/2022\/11\/Muzikoterapie-Detail-zapalovani-svicky-nastroje-na-latce-1024x682.jpg\" alt=\"\" class=\"wp-image-281\" srcset=\"https:\/\/kopejska.cz\/wp-content\/uploads\/2022\/11\/Muzikoterapie-Detail-zapalovani-svicky-nastroje-na-latce-1024x682.jpg 1024w, https:\/\/kopejska.cz\/wp-content\/uploads\/2022\/11\/Muzikoterapie-Detail-zapalovani-svicky-nastroje-na-latce-300x200.jpg 300w, https:\/\/kopejska.cz\/wp-content\/uploads\/2022\/11\/Muzikoterapie-Detail-zapalovani-svicky-nastroje-na-latce-768x511.jpg 768w, https:\/\/kopejska.cz\/wp-content\/uploads\/2022\/11\/Muzikoterapie-Detail-zapalovani-svicky-nastroje-na-latce-1536x1022.jpg 1536w, https:\/\/kopejska.cz\/wp-content\/uploads\/2022\/11\/Muzikoterapie-Detail-zapalovani-svicky-nastroje-na-latce-2048x1363.jpg 2048w, https:\/\/kopejska.cz\/wp-content\/uploads\/2022\/11\/Muzikoterapie-Detail-zapalovani-svicky-nastroje-na-latce-2000x1331.jpg 2000w\" sizes=\"(max-width: 1024px) 100vw, 1024px\" \/><\/figure>\n<\/figure>\n\n\n\n<h2 class=\"has-text-align-center\">Jak relaxace prob\u00edhaj\u00ed?<\/h2>\n\n\n\n<p class=\"has-text-align-left\">Bu\u010f jednotlivec nebo skupina lid\u00ed zaujmou pro n\u011b ty nejpohodln\u011bj\u0161\u00ed polohy, nejl\u00e9pe vle\u017ee (na karimatk\u00e1ch p\u0159ikryt\u00ed dekami), vn\u00edmaj\u00ed ka\u017ed\u00fd sv\u00fdm zp\u016fsobem vibra\u010dn\u00ed zvuky jednotliv\u00fdch n\u00e1stroj\u016f a zp\u011bv. D\u00e9lka hry na jeden n\u00e1stroj \u2013 jedn\u00e1 se o takzvanou \u201ep\u0159\u00edmou tvorbu\u201c \u2013 je prom\u011bnliv\u00e1. Odv\u00edj\u00ed se od pot\u0159eb relaxuj\u00edc\u00edch, od m\u00e9ho propojen\u00ed se s&nbsp;konkr\u00e9tn\u00edm prostorem a se zdrojem inspirace.<\/p>\n\n\n\n<p class=\"has-text-align-left\"><strong>Prost\u0159edn\u00edkem sd\u00edlen\u00e9 inspirace je m\u00e9 duchovn\u00ed srdce. Prost\u0159ednictv\u00edm \u017eivotn\u00ed energie v\u011bdom\u00ed a fyzick\u00e9ho t\u011bla (ruce, \u00fasta, hlasivky) harmonizuj\u00edc\u00ed vibrace zapl\u0148uj\u00ed prostor a tak, jak pronikaj\u00ed srdci a t\u011bly p\u0159\u00edtomn\u00fdch, tak je harmonizuj\u00ed a umo\u017e\u0148uj\u00ed pro\u017eitky klidu, uvoln\u011bn\u00ed a chuti b\u00fdt se sebou sam\u00fdm.<\/strong><\/p>\n\n\n\n<p class=\"has-text-align-left\">Je to stejn\u00e9, jako kdy\u017e se \u010dlov\u011bk nach\u00e1z\u00ed v&nbsp;p\u0159\u00edrod\u011b a zaposlouch\u00e1 se do \u0161evelen\u00ed pot\u016f\u010dku nebo \u0161um\u011bn\u00ed korun strom\u016f\u2026odd\u00e1 se tomu, co zn\u00ed, co pr\u00e1v\u011b vibruje v&nbsp;prostoru a v&nbsp;n\u011bm. Efekt harmonizace a uvoln\u011bn\u00ed nast\u00e1v\u00e1 u\u017e po deseti minut\u00e1ch, i kdy\u017e je to jako v\u0161e \u2013 individu\u00e1ln\u00ed.<\/p>\n\n\n\n<p class=\"has-text-align-left\">Na jeden n\u00e1stroj hraji tak \u010dty\u0159i a\u017e deset minut. Pou\u017e\u00edv\u00e1m n\u00e1stroje, kter\u00e9 jsou n\u00ed\u017ee spole\u010dn\u011b se zvukov\u00fdmi uk\u00e1zkami vyobrazeny.<\/p>\n\n\n\n<div style=\"height:100px\" aria-hidden=\"true\" class=\"wp-block-spacer\"><\/div>\n\n\n\n<div class=\"is-layout-flex wp-container-5 wp-block-columns are-vertically-aligned-center\">\n<div class=\"is-layout-flow wp-block-column is-vertically-aligned-center\">\n<h3>Brumle<\/h3>\n\n\n\n<p>Brumle je prastar\u00fd hudebn\u00ed n\u00e1stroj, kter\u00fd poch\u00e1z\u00ed patrn\u011b z Asie. \u0158ad\u00ed se do skupiny idiofon\u016f. Ke h\u0159e na brumli p\u0159id\u00e1v\u00e1m intuitivn\u00ed zp\u011bv. T\u00edm vytv\u00e1\u0159\u00edm velmi \u00fa\u010dinn\u00e9 harmoniza\u010dn\u00ed frekvence.<\/p>\n\n\n\n<figure class=\"wp-block-audio\"><audio controls src=\"https:\/\/kopejska.cz\/wp-content\/uploads\/2022\/11\/Brumle.mp3\"><\/audio><figcaption class=\"wp-element-caption\">Zvukov\u00e1 uk\u00e1zka hry na brumli se zp\u011bvem<\/figcaption><\/figure>\n<\/div>\n\n\n\n<div class=\"is-layout-flow wp-block-column is-vertically-aligned-center\">\n<figure class=\"wp-block-image size-large is-style-rounded\"><img decoding=\"async\" loading=\"lazy\" width=\"1024\" height=\"682\" src=\"https:\/\/kopejska.cz\/wp-content\/uploads\/2022\/11\/Muzikoterapie-1-brumle-1024x682.jpg\" alt=\"\" class=\"wp-image-275\" srcset=\"https:\/\/kopejska.cz\/wp-content\/uploads\/2022\/11\/Muzikoterapie-1-brumle-1024x682.jpg 1024w, https:\/\/kopejska.cz\/wp-content\/uploads\/2022\/11\/Muzikoterapie-1-brumle-300x200.jpg 300w, https:\/\/kopejska.cz\/wp-content\/uploads\/2022\/11\/Muzikoterapie-1-brumle-768x511.jpg 768w, https:\/\/kopejska.cz\/wp-content\/uploads\/2022\/11\/Muzikoterapie-1-brumle-1536x1022.jpg 1536w, https:\/\/kopejska.cz\/wp-content\/uploads\/2022\/11\/Muzikoterapie-1-brumle-2048x1363.jpg 2048w, https:\/\/kopejska.cz\/wp-content\/uploads\/2022\/11\/Muzikoterapie-1-brumle-2000x1331.jpg 2000w\" sizes=\"(max-width: 1024px) 100vw, 1024px\" \/><\/figure>\n<\/div>\n<\/div>\n\n\n\n<div class=\"is-layout-flex wp-container-8 wp-block-columns are-vertically-aligned-center\">\n<div class=\"is-layout-flow wp-block-column is-vertically-aligned-center\">\n<figure class=\"wp-block-image size-large is-style-rounded\"><img decoding=\"async\" loading=\"lazy\" width=\"1024\" height=\"682\" src=\"https:\/\/kopejska.cz\/wp-content\/uploads\/2022\/11\/Muzikoterapie-Fujara-4-z-boku-1-1024x682.jpg\" alt=\"\" class=\"wp-image-277\" srcset=\"https:\/\/kopejska.cz\/wp-content\/uploads\/2022\/11\/Muzikoterapie-Fujara-4-z-boku-1-1024x682.jpg 1024w, https:\/\/kopejska.cz\/wp-content\/uploads\/2022\/11\/Muzikoterapie-Fujara-4-z-boku-1-300x200.jpg 300w, https:\/\/kopejska.cz\/wp-content\/uploads\/2022\/11\/Muzikoterapie-Fujara-4-z-boku-1-768x511.jpg 768w, https:\/\/kopejska.cz\/wp-content\/uploads\/2022\/11\/Muzikoterapie-Fujara-4-z-boku-1-1536x1022.jpg 1536w, https:\/\/kopejska.cz\/wp-content\/uploads\/2022\/11\/Muzikoterapie-Fujara-4-z-boku-1-2048x1363.jpg 2048w, https:\/\/kopejska.cz\/wp-content\/uploads\/2022\/11\/Muzikoterapie-Fujara-4-z-boku-1-2000x1331.jpg 2000w\" sizes=\"(max-width: 1024px) 100vw, 1024px\" \/><\/figure>\n<\/div>\n\n\n\n<div class=\"is-layout-flow wp-block-column is-vertically-aligned-center\">\n<h3>Fujara<\/h3>\n\n\n\n<p>Nejedn\u00e1 se o klasickou fujaru zn\u00e1mou od slovensk\u00fdch sala\u0161\u00ed. Toto je \u010desk\u00fd v\u00fdrobek od pana Ka\u0161pa\u0159\u00edka. Umo\u017e\u0148uje mi jemn\u011bj\u0161\u00ed, jasn\u011bj\u0161\u00ed a bezprost\u0159edn\u011bj\u0161\u00ed zvukov\u00e9 vyj\u00e1d\u0159en\u00ed vibrac\u00ed ticha, kter\u00e9 mnou pr\u00e1v\u011b proch\u00e1zej\u00ed. Harmonizuj\u00edc\u00ed melodie a rytmy tvo\u0159\u00edm intuitivn\u011b a p\u0159\u00edmo pro dan\u00fd prostor a pro p\u0159\u00edtomn\u00e9 poslucha\u010de.<\/p>\n\n\n\n<figure class=\"wp-block-audio\"><audio controls src=\"https:\/\/kopejska.cz\/wp-content\/uploads\/2022\/11\/Fujara.mp3\"><\/audio><figcaption class=\"wp-element-caption\">Zvukov\u00e1 uk\u00e1zka hry na fujaru<\/figcaption><\/figure>\n<\/div>\n<\/div>\n\n\n\n<div class=\"is-layout-flex wp-container-11 wp-block-columns are-vertically-aligned-center\">\n<div class=\"is-layout-flow wp-block-column is-vertically-aligned-center\">\n<h3>Tibetsk\u00e1 m\u00edsa<\/h3>\n\n\n\n<p>P\u016fvod tibetsk\u00fdch (zp\u00edvaj\u00edc\u00edch) m\u00eds lze vystopovat do t\u0159et\u00edho tis\u00edcelet\u00ed do Nep\u00e1lu. Jejich lahodn\u011b rezonuj\u00edc\u00ed t\u011bla vznikaj\u00ed slit\u00edm sedmi kov\u016f. Ka\u017ed\u00e1 m\u00edsa m\u00e1 svou du\u0161i a v r\u016fzn\u00fdch prost\u0159ed\u00edch zn\u00ed trochu odli\u0161n\u011b. Bav\u00ed mne vytv\u00e1\u0159et r\u016fzn\u011b barevn\u00e9, k\u0159eh\u010d\u00ed i pevn\u011bj\u0161\u00ed souzvuky. Jsou velmi sugestivn\u00ed a mohou p\u0159ipom\u00ednat and\u011blsk\u00e9 ch\u00f3ry. Ve vibra\u010dn\u00edch l\u00e1zn\u00edch tibetsk\u00fdch m\u00eds se lze koupat tak, jako v pr\u016fzra\u010dn\u00e9 vod\u011b horsk\u00e9ho jez\u00edrka za bezv\u011bt\u0159\u00ed a za svitu slunce.<\/p>\n\n\n\n<figure class=\"wp-block-audio\"><audio controls src=\"https:\/\/kopejska.cz\/wp-content\/uploads\/2022\/11\/Tibetske-misy.mp3\"><\/audio><figcaption class=\"wp-element-caption\">Zvukov\u00e1 uk\u00e1zka hry na tibetsk\u00e9 m\u00edsy<\/figcaption><\/figure>\n<\/div>\n\n\n\n<div class=\"is-layout-flow wp-block-column is-vertically-aligned-center\">\n<figure class=\"wp-block-image size-large is-style-rounded\"><img decoding=\"async\" loading=\"lazy\" width=\"1024\" height=\"682\" src=\"https:\/\/kopejska.cz\/wp-content\/uploads\/2022\/11\/Muzikoterapie-Misa-2-byt-ci-nebyt-1024x682.jpg\" alt=\"\" class=\"wp-image-278\" srcset=\"https:\/\/kopejska.cz\/wp-content\/uploads\/2022\/11\/Muzikoterapie-Misa-2-byt-ci-nebyt-1024x682.jpg 1024w, https:\/\/kopejska.cz\/wp-content\/uploads\/2022\/11\/Muzikoterapie-Misa-2-byt-ci-nebyt-300x200.jpg 300w, https:\/\/kopejska.cz\/wp-content\/uploads\/2022\/11\/Muzikoterapie-Misa-2-byt-ci-nebyt-768x511.jpg 768w, https:\/\/kopejska.cz\/wp-content\/uploads\/2022\/11\/Muzikoterapie-Misa-2-byt-ci-nebyt-1536x1023.jpg 1536w, https:\/\/kopejska.cz\/wp-content\/uploads\/2022\/11\/Muzikoterapie-Misa-2-byt-ci-nebyt-2048x1363.jpg 2048w, https:\/\/kopejska.cz\/wp-content\/uploads\/2022\/11\/Muzikoterapie-Misa-2-byt-ci-nebyt-2000x1331.jpg 2000w\" sizes=\"(max-width: 1024px) 100vw, 1024px\" \/><\/figure>\n<\/div>\n<\/div>\n\n\n\n<div class=\"is-layout-flex wp-container-14 wp-block-columns are-vertically-aligned-center\">\n<div class=\"is-layout-flow wp-block-column is-vertically-aligned-center\">\n<figure class=\"wp-block-image size-large is-style-rounded\"><img decoding=\"async\" loading=\"lazy\" width=\"1024\" height=\"682\" src=\"https:\/\/kopejska.cz\/wp-content\/uploads\/2022\/11\/Muzikoterapie-Shyiotanka-3-1024x682.jpg\" alt=\"\" class=\"wp-image-279\" srcset=\"https:\/\/kopejska.cz\/wp-content\/uploads\/2022\/11\/Muzikoterapie-Shyiotanka-3-1024x682.jpg 1024w, https:\/\/kopejska.cz\/wp-content\/uploads\/2022\/11\/Muzikoterapie-Shyiotanka-3-300x200.jpg 300w, https:\/\/kopejska.cz\/wp-content\/uploads\/2022\/11\/Muzikoterapie-Shyiotanka-3-768x511.jpg 768w, https:\/\/kopejska.cz\/wp-content\/uploads\/2022\/11\/Muzikoterapie-Shyiotanka-3-1536x1022.jpg 1536w, https:\/\/kopejska.cz\/wp-content\/uploads\/2022\/11\/Muzikoterapie-Shyiotanka-3-2048x1363.jpg 2048w, https:\/\/kopejska.cz\/wp-content\/uploads\/2022\/11\/Muzikoterapie-Shyiotanka-3-2000x1331.jpg 2000w\" sizes=\"(max-width: 1024px) 100vw, 1024px\" \/><\/figure>\n<\/div>\n\n\n\n<div class=\"is-layout-flow wp-block-column is-vertically-aligned-center\">\n<h3>Fl\u00e9tna shyiotanka<\/h3>\n\n\n\n<p>T\u011bchto indi\u00e1nsk\u00fdch fl\u00e9ten je mnoho druh\u016f. Je to v\u016fbec jeden z nejstar\u0161\u00edch hudebn\u00edch n\u00e1stroj\u016f. Zvuk ka\u017ed\u00e9 pronik\u00e1 hluboko do z\u00e1krut lidsk\u00e9ho t\u011bla, mysli a v\u011bdom\u00ed. M\u00e1 velkou schopnost rychle prom\u011bnit a vyladit kvality ka\u017ed\u00e9ho prostoru. Proto ji pou\u017e\u00edv\u00e1m na za\u010d\u00e1tku sv\u00fdch relaxa\u010dn\u011b harmoniza\u010dn\u00edch vibra\u010dn\u00edch setk\u00e1v\u00e1n\u00ed.<\/p>\n\n\n\n<figure class=\"wp-block-audio\"><audio controls src=\"https:\/\/kopejska.cz\/wp-content\/uploads\/2022\/11\/Fletna.mp3\"><\/audio><figcaption class=\"wp-element-caption\">Zvukov\u00e1 uk\u00e1zka hry na fl\u00e9tnu shyiotanka<\/figcaption><\/figure>\n<\/div>\n<\/div>\n\n\n\n<p class=\"has-text-align-left\">Mezi dal\u0161\u00ed muzikoterapeutick\u00e9 n\u00e1stroje pat\u0159\u00ed nap\u0159\u00edklad \u0161amansk\u00fd buben, buben djembe, koncovky, zlat\u00fd d\u00e9\u0161\u0165, zvonky, koshi zvonky, de\u0161\u0165ov\u00e1 h\u016fl, gong i \u00fastn\u00ed harfa.<\/p>\n\n\n\n<p class=\"has-text-align-left\"><strong>D\u016fle\u017eit\u00fdm harmoniza\u010dn\u00edm \u010dinitelem p\u0159i h\u0159e na n\u00e1stroje s&nbsp;p\u0159irozen\u00fdm lad\u011bn\u00edm jsou kvalitn\u00ed alikv\u00f3tn\u00ed t\u00f3ny, kter\u00e9 produkuj\u00ed v&nbsp;pot\u0159ebn\u00e9 m\u00ed\u0159e pouze tyto n\u00e1stroje.<\/strong><\/p>\n\n\n\n<p class=\"has-text-align-left\"><strong>Alikv\u00f3tn\u00ed t\u00f3ny jsou produkov\u00e1ny p\u0159i h\u0159e na jak\u00fdkoliv hudebn\u00ed n\u00e1stroj. N\u00e1stroje s temperovan\u00fdm lad\u011bn\u00edm &#8211; jsou to n\u00e1stroje, na kter\u00e9 se d\u00e1 zahr\u00e1t v\u00edce stupnic (kytara, klav\u00edr) &#8211; vytv\u00e1\u0159ej\u00ed alikv\u00f3tn\u00ed \u0159ady v\u00edce unifikovan\u00e9 s nep\u0159irozen\u011b utv\u00e1\u0159en\u00fdmi intervaly mezi jednotliv\u00fdmi t\u00f3ny. To je zes\u00edleno hlavn\u011b p\u0159i produkci s vrstven\u00edm akord\u016f. Tato hudebn\u00ed produkce nem\u00e1 takov\u00fd harmoniza\u010dn\u00ed \u00fa\u010dinek, jako hra na n\u00e1stroje s lad\u011bn\u00edm p\u0159irozen\u00fdm.<\/strong> <\/p>\n\n\n\n<p class=\"has-text-align-left\"><strong>I kdy\u017e jej\u00ed nezpochybniteln\u00e1 kvalita m\u016f\u017ee spo\u010d\u00edvat v tom, jak\u00e9ho citov\u00e9ho nebo emo\u010dn\u00edho energeticky-duchovn\u00edho pole je nositelem, prost\u0159edn\u00edkem<\/strong> <strong>V hudb\u011b, kter\u00e1 bude zn\u00edt a na sv\u00e9 okol\u00ed p\u016fsobit, je velmi d\u016fle\u017eit\u00e9 moment\u00e1ln\u00ed nitern\u00e9 nalad\u011bn\u00ed hudebn\u00edka, interpreta, terapeuta.<\/strong><\/p>\n\n\n\n<p class=\"has-text-align-left\"><strong>Hra na n\u00e1stroje s p\u0159irozen\u00fdm lad\u011bn\u00edm, a prost\u0159ednictv\u00edm n\u00ed se tvo\u0159\u00edc\u00ed alikv\u00f3tn\u00ed \u0159ady,&nbsp;souzn\u00ed s p\u0159irozen\u00fdmi rytmy a energetick\u00fdmi vibracemi p\u0159\u00edrody a lidsk\u00e9ho t\u011bla a du\u0161e. Hlavn\u011b v tom je jej\u00ed ni\u010d\u00edm nenahraditeln\u00fd harmoniza\u010dn\u00ed potenci\u00e1l.<\/strong><\/p>\n\n\n\n<div style=\"height:0px\" aria-hidden=\"true\" class=\"wp-block-spacer\"><\/div>\n\n\n\n<div style=\"height:100px\" aria-hidden=\"true\" class=\"wp-block-spacer\"><\/div>\n","protected":false},"excerpt":{"rendered":"<p>V\u0161e plyne a v\u0161e vibruje. \u010clov\u011bk vn\u00edm\u00e1 a pro\u017e\u00edv\u00e1 v\u017edy jen ur\u010ditou \u010d\u00e1st tohoto vibrov\u00e1n\u00ed a plynut\u00ed. Tu \u010d\u00e1st, kter\u00e1 jepr\u00e1v\u011b nezbytnou \u010d\u00e1st\u00ed pro jeho osobn\u00ed r\u016fst. Lidsk\u00fd \u017eivot je velkou vz\u00e1cnost\u00ed. Svou hodnotu m\u00e1 u\u017e jen t\u00edm, \u017ee JE. Tato z\u00e1kladn\u00ed hodnota se d\u00e1 d\u00e1le prohlubovat. Jej\u00ed prohlubov\u00e1n\u00ed spo\u010d\u00edv\u00e1 v&nbsp;rozmanit\u00fdch tv\u016fr\u010d\u00edch schopnostech \u010dlov\u011bka a &hellip; <\/p>\n<p class=\"link-more\"><a href=\"https:\/\/kopejska.cz\/?page_id=33\" class=\"more-link\">Read more<span class=\"screen-reader-text\"> &#8222;Celostn\u00ed muzikoterapie&#8220;<\/span><\/a><\/p>\n","protected":false},"author":1,"featured_media":280,"parent":0,"menu_order":0,"comment_status":"closed","ping_status":"closed","template":"","meta":[],"_links":{"self":[{"href":"https:\/\/kopejska.cz\/index.php?rest_route=\/wp\/v2\/pages\/33"}],"collection":[{"href":"https:\/\/kopejska.cz\/index.php?rest_route=\/wp\/v2\/pages"}],"about":[{"href":"https:\/\/kopejska.cz\/index.php?rest_route=\/wp\/v2\/types\/page"}],"author":[{"embeddable":true,"href":"https:\/\/kopejska.cz\/index.php?rest_route=\/wp\/v2\/users\/1"}],"replies":[{"embeddable":true,"href":"https:\/\/kopejska.cz\/index.php?rest_route=%2Fwp%2Fv2%2Fcomments&post=33"}],"version-history":[{"count":50,"href":"https:\/\/kopejska.cz\/index.php?rest_route=\/wp\/v2\/pages\/33\/revisions"}],"predecessor-version":[{"id":681,"href":"https:\/\/kopejska.cz\/index.php?rest_route=\/wp\/v2\/pages\/33\/revisions\/681"}],"wp:featuredmedia":[{"embeddable":true,"href":"https:\/\/kopejska.cz\/index.php?rest_route=\/wp\/v2\/media\/280"}],"wp:attachment":[{"href":"https:\/\/kopejska.cz\/index.php?rest_route=%2Fwp%2Fv2%2Fmedia&parent=33"}],"curies":[{"name":"wp","href":"https:\/\/api.w.org\/{rel}","templated":true}]}}